{"id":891,"date":"2025-06-19T13:08:31","date_gmt":"2025-06-19T05:08:31","guid":{"rendered":"https:\/\/globalrubbersealing.com\/?post_type=product&#038;p=891"},"modified":"2026-05-13T06:01:13","modified_gmt":"2026-05-12T22:01:13","slug":"silicone-rubber-miscellaneous-products","status":"publish","type":"product","link":"https:\/\/globalrubbersealing.com\/pt\/produto\/silicone-rubber-miscellaneous-products\/","title":{"rendered":"Produtos diversos de borracha de silicone"},"content":{"rendered":"<p>Este produto \u00e9 feito de borracha importada e formado atrav\u00e9s de moldagem em alta temperatura, oferecendo melhor desempenho de veda\u00e7\u00e3o e maior vida \u00fatil. Sempre nos esfor\u00e7amos para produzir produtos de alta qualidade, aderindo \u00e0s t\u00e9cnicas de processamento de borracha como nossa linha de base e garantindo os interesses de longo prazo de nossos clientes. Suas necessidades s\u00e3o nosso objetivo compartilhado a atingir!<\/p>\n<ol>\n<li>Vantagens de Fabrica\u00e7\u00e3o: For\u00e7a Bruta Sustenta a Qualidade<\/li>\n<li>Linha de Produ\u00e7\u00e3o Vertical<\/li>\n<\/ol>\n<p>Nossa pr\u00f3pria oficina de mistura de borracha e oficina de vulcaniza\u00e7\u00e3o por press\u00e3o de moldes garantem controle total sobre todo o processo, desde mat\u00e9rias-primas at\u00e9 produtos acabados. As mat\u00e9rias-primas s\u00e3o compradas em grandes quantidades para manter a consist\u00eancia do desempenho da borracha misturada e evitar flutua\u00e7\u00f5es de qualidade causadas por processamento externo ou desempenho inst\u00e1vel devido a diferentes lotes de mat\u00e9rias-primas. Usamos um sistema de inspe\u00e7\u00e3o visual com IA para realizar inspe\u00e7\u00e3o online de 100% da planicidade da superf\u00edcie de veda\u00e7\u00e3o e toler\u00e2ncia dimensional (precis\u00e3o \u00b10.1mm), garantindo uma taxa de qualifica\u00e7\u00e3o de 100% dos produtos que saem de f\u00e1brica.<\/p>\n<ol start=\"2\">\n<li>Capacidade de Controle de Custos<\/li>\n<\/ol>\n<p>Assinamos acordos de bloqueio de pre\u00e7os a longo prazo com fornecedores de borracha a montante para evitar o risco de flutua\u00e7\u00f5es de pre\u00e7os de mat\u00e9rias-primas, com custos 15%-20% mais baixos que os de nossos concorrentes. Adotamos design modular de moldes, permitindo que o mesmo molde seja adaptado para m\u00faltiplos modelos de marca para modifica\u00e7\u00e3o, reduzindo o custo de personaliza\u00e7\u00e3o em pequenos lotes. Usamos amostragem de molde \u00fanico para economizar custos desnecess\u00e1rios para nossos clientes tanto quanto poss\u00edvel.<\/p>\n<ol>\n<li>Vantagens de P&amp;D Tecnol\u00f3gico: Barreiras e Superioridade Exclusivas<\/li>\n<li>Sistema de P&amp;D Orientado por Dados<\/li>\n<\/ol>\n<p>\u2013 Estabelecemos um banco de dados de condi\u00e7\u00f5es de trabalho para motores de m\u00e1quinas de constru\u00e7\u00e3o, acumulando dados de frequ\u00eancia de vibra\u00e7\u00e3o e deforma\u00e7\u00e3o t\u00e9rmica para mais de 100 modelos e realizando testes de simula\u00e7\u00e3o para corresponder \u00e0 f\u00f3rmula de material ideal. Desenvolvemos conjuntamente uma f\u00f3rmula de borracha natural super resistente a baixas temperaturas com universidades, que permanece el\u00e1stica a -48\u00b0C (m\u00e9dia do setor -40\u00b0C).<\/p>\n<ol start=\"2\">\n<li>Pequena F\u00f3rmula, M\u00faltiplos Experimentos de P&amp;D<\/li>\n<\/ol>\n<p>Usando um misturador interno de 3L, analisamos os requisitos t\u00e9cnicos do cliente de uma s\u00f3 vez ao desenvolver novas f\u00f3rmulas e projetamos tr\u00eas esquemas (alto, m\u00e9dio e baixo) com base nas condi\u00e7\u00f5es de trabalho reais do produto para os clientes escolherem. Realizamos m\u00faltiplos experimentos de frequ\u00eancia no composto de borracha e testamos seu desempenho em m\u00faltiplos aspectos para garantir desempenho est\u00e1vel quando os clientes usam o produto.<\/p>\n<p>III. Vantagens de Servi\u00e7o \u00c1gil: Resposta R\u00e1pida aos Clientes<\/p>\n<ol>\n<li>Capacidade de Personaliza\u00e7\u00e3o N\u00e3o Padr\u00e3o<\/li>\n<\/ol>\n<p>Resposta r\u00e1pida de 24 horas a cota\u00e7\u00f5es: Fornecemos engenharia reversa 3D\/scans\/desenhos\/f\u00edsicos e entregamos produtos de teste em pequenos lotes em at\u00e9 7 dias (m\u00e9dia do setor 25 dias).<\/p>\n<p>Suporte para \"Uma M\u00e1quina, Uma Solu\u00e7\u00e3o\": Fornecemos trilhas e solu\u00e7\u00f5es de veda\u00e7\u00e3o exclusivas para m\u00e1quinas de constru\u00e7\u00e3o de nicho (como tuneladoras) para resolver o problema de n\u00e3o haver produtos dispon\u00edveis no mercado.<\/p>\n<ol start=\"2\">\n<li>Compromisso de P\u00f3s-Venda sem Carga<\/li>\n<\/ol>\n<p>Resposta em 2 horas: Estabelecemos 8 centros de servi\u00e7o regionais em todo o pa\u00eds e pedidos urgentes s\u00e3o entregues no local da constru\u00e7\u00e3o pela SF Express em 48 horas.<\/p>\n<p>\u2013 Certifica\u00e7\u00e3o Autoritativa: Obtivemos a Certifica\u00e7\u00e3o da Diretiva de M\u00e1quinas da UE, Certifica\u00e7\u00e3o do Sistema ISO9000 e Certifica\u00e7\u00e3o do Sistema de Qualidade TS16949.<\/p>\n<p>De veda\u00e7\u00f5es de \u00f3leo a trilhas, tornamos as m\u00e1quinas herm\u00e9ticas. As veda\u00e7\u00f5es Hengjun mant\u00eam seu equipamento como novo!<\/p>","protected":false},"excerpt":{"rendered":"<p>Este produto \u00e9 feito de borracha importada e formado atrav\u00e9s de moldagem em alta temperatura, oferecendo maior desempenho de veda\u00e7\u00e3o e uma vida \u00fatil mais longa. Sempre nos esfor\u00e7amos para produzir produtos de alta qualidade, aderindo \u00e0s t\u00e9cnicas de processamento de borracha como nosso ponto de partida e garantindo o\u2026<\/p>","protected":false},"featured_media":960,"comment_status":"open","ping_status":"closed","template":"","meta":{"_acf_changed":false},"product_brand":[],"product_cat":[58],"product_tag":[],"class_list":{"0":"post-891","1":"product","2":"type-product","3":"status-publish","4":"has-post-thumbnail","6":"product_cat-silicone-rubber-products","8":"first","9":"instock","10":"shipping-taxable","11":"product-type-simple"},"acf":[],"_links":{"self":[{"href":"https:\/\/globalrubbersealing.com\/pt\/wp-json\/wp\/v2\/product\/891","targetHints":{"allow":["GET"]}}],"collection":[{"href":"https:\/\/globalrubbersealing.com\/pt\/wp-json\/wp\/v2\/product"}],"about":[{"href":"https:\/\/globalrubbersealing.com\/pt\/wp-json\/wp\/v2\/types\/product"}],"replies":[{"embeddable":true,"href":"https:\/\/globalrubbersealing.com\/pt\/wp-json\/wp\/v2\/comments?post=891"}],"wp:featuredmedia":[{"embeddable":true,"href":"https:\/\/globalrubbersealing.com\/pt\/wp-json\/wp\/v2\/media\/960"}],"wp:attachment":[{"href":"https:\/\/globalrubbersealing.com\/pt\/wp-json\/wp\/v2\/media?parent=891"}],"wp:term":[{"taxonomy":"product_brand","embeddable":true,"href":"https:\/\/globalrubbersealing.com\/pt\/wp-json\/wp\/v2\/product_brand?post=891"},{"taxonomy":"product_cat","embeddable":true,"href":"https:\/\/globalrubbersealing.com\/pt\/wp-json\/wp\/v2\/product_cat?post=891"},{"taxonomy":"product_tag","embeddable":true,"href":"https:\/\/globalrubbersealing.com\/pt\/wp-json\/wp\/v2\/product_tag?post=891"}],"curies":[{"name":"wp","href":"https:\/\/api.w.org\/{rel}","templated":true}]}}