{"id":779,"date":"2025-06-19T12:45:02","date_gmt":"2025-06-19T04:45:02","guid":{"rendered":"https:\/\/globalrubbersealing.com\/?post_type=product&#038;p=779"},"modified":"2025-06-19T12:45:02","modified_gmt":"2025-06-19T04:45:02","slug":"3379","status":"publish","type":"product","link":"https:\/\/globalrubbersealing.com\/pt\/produto\/3379\/","title":{"rendered":"3379"},"content":{"rendered":"<p>Juntas, c\u00e1rter de \u00f3leo, v\u00e1lvulas, sensores\u2026 Seu motor possui muitas pe\u00e7as e componentes, cada um deles essencial para o funcionamento seguro e eficiente do seu ve\u00edculo. Mas o que exatamente \u00e9 uma junta do c\u00e1rter de \u00f3leo? Vamos come\u00e7ar pelo c\u00e1rter de \u00f3leo.<\/p>\n<p>Como um orgulhoso propriet\u00e1rio de carro, voc\u00ea sabe que seu motor precisa de \u00f3leo. O c\u00e1rter de \u00f3leo \u00e9 um reservat\u00f3rio para esse \u00f3leo enquanto ele circula pelo motor e todas as suas partes m\u00f3veis, lubrificando e resfriando-as. \u00c9 fixado no motor e est\u00e1 localizado na se\u00e7\u00e3o inferior do bloco do motor. Para evitar vazamentos, a junta do c\u00e1rter de \u00f3leo veda o c\u00e1rter ao bloco do motor, atuando tamb\u00e9m como uma almofada para evitar danos que poderiam ocorrer devido \u00e0s vibra\u00e7\u00f5es do motor.<\/p>\n<p><strong><b>Tipos de Juntas<\/b><\/strong><\/p>\n<p>As juntas do c\u00e1rter de \u00f3leo s\u00e3o feitas para suportar grandes quantidades de calor e press\u00e3o. Elas s\u00e3o feitas de materiais dur\u00e1veis, como a\u00e7o, junto com um selo aluminizado com revestimento de borracha.<\/p>\n<p>Carros diferentes podem ter c\u00e1rteres de \u00f3leo diferentes e, portanto, juntas diferentes. Por exemplo, um c\u00e1rter de alum\u00ednio ter\u00e1 uma junta de silicone l\u00edquido, enquanto um c\u00e1rter de a\u00e7o prensado usar\u00e1 uma junta composta de borracha moldada. Borracha e silicone s\u00e3o ambos flex\u00edveis, tornando-os materiais adequados para juntas, pois precisam ser capazes de expandir e contrair com o calor.<\/p>\n<p><strong><b>Vazamentos na Junta do C\u00e1rter de \u00d3leo<\/b><\/strong><\/p>\n<p>Com o tempo, as pe\u00e7as de borracha se desgastam \u00e0 medida que secam e come\u00e7am a rachar. Isso significa que ap\u00f3s alguns anos, h\u00e1 um risco de falha, causando um vazamento de \u00f3leo que precisa ser reparado o mais r\u00e1pido poss\u00edvel. Aqui est\u00e3o alguns sinais comuns de vazamento de \u00f3leo que voc\u00ea deve observar:<\/p>\n<ul>\n<li><b><\/b><strong><b>N\u00edvel de \u00d3leo Baixo<\/b><\/strong><\/li>\n<li><b><\/b><strong><b>Manchas de \u00d3leo Sob o Carro<\/b><\/strong><\/li>\n<li><b><\/b><strong><b>Superaquecimento<\/b><\/strong><\/li>\n<li><b><\/b><strong><b>Fuma\u00e7a Preta (debaixo do cap\u00f4)<\/b><\/strong><\/li>\n<\/ul>\n<p>Dirigir seu carro com baixo n\u00edvel de \u00f3leo pode causar s\u00e9rios danos ao motor do carro e seus componentes, portanto, \u00e9 importante consertar vazamentos de \u00f3leo o mais r\u00e1pido poss\u00edvel. Se voc\u00ea precisar de juntas do c\u00e1rter de \u00f3leo, sinta-se \u00e0 vontade para entrar em contato com nossa empresa para consultoria!<\/p>","protected":false},"excerpt":{"rendered":"<p>Gaskets, oil pans, valves, sensors\u2026 Your engine has a lot of parts and components, each vital to the safe and efficient running of your vehicle. But what exactly is an oil pan gasket? Let\u2019s start with the oil pan. As \u2026<\/p>","protected":false},"featured_media":787,"comment_status":"open","ping_status":"closed","template":"","meta":{"_acf_changed":false},"product_brand":[],"product_cat":[62],"product_tag":[],"class_list":{"0":"post-779","1":"product","2":"type-product","3":"status-publish","4":"has-post-thumbnail","6":"product_cat-gas-engine-cover-gasket","8":"first","9":"instock","10":"shipping-taxable","11":"product-type-simple"},"acf":[],"_links":{"self":[{"href":"https:\/\/globalrubbersealing.com\/pt\/wp-json\/wp\/v2\/product\/779","targetHints":{"allow":["GET"]}}],"collection":[{"href":"https:\/\/globalrubbersealing.com\/pt\/wp-json\/wp\/v2\/product"}],"about":[{"href":"https:\/\/globalrubbersealing.com\/pt\/wp-json\/wp\/v2\/types\/product"}],"replies":[{"embeddable":true,"href":"https:\/\/globalrubbersealing.com\/pt\/wp-json\/wp\/v2\/comments?post=779"}],"wp:featuredmedia":[{"embeddable":true,"href":"https:\/\/globalrubbersealing.com\/pt\/wp-json\/wp\/v2\/media\/787"}],"wp:attachment":[{"href":"https:\/\/globalrubbersealing.com\/pt\/wp-json\/wp\/v2\/media?parent=779"}],"wp:term":[{"taxonomy":"product_brand","embeddable":true,"href":"https:\/\/globalrubbersealing.com\/pt\/wp-json\/wp\/v2\/product_brand?post=779"},{"taxonomy":"product_cat","embeddable":true,"href":"https:\/\/globalrubbersealing.com\/pt\/wp-json\/wp\/v2\/product_cat?post=779"},{"taxonomy":"product_tag","embeddable":true,"href":"https:\/\/globalrubbersealing.com\/pt\/wp-json\/wp\/v2\/product_tag?post=779"}],"curies":[{"name":"wp","href":"https:\/\/api.w.org\/{rel}","templated":true}]}}