{"id":715,"date":"2025-06-16T21:20:39","date_gmt":"2025-06-16T13:20:39","guid":{"rendered":"https:\/\/globalrubbersealing.com\/?post_type=product&#038;p=715"},"modified":"2025-06-16T21:20:39","modified_gmt":"2025-06-16T13:20:39","slug":"engine-oil-pan-gasket","status":"publish","type":"product","link":"https:\/\/globalrubbersealing.com\/pt\/produto\/engine-oil-pan-gasket\/","title":{"rendered":"Junta da bandeja de \u00f3leo do motor"},"content":{"rendered":"<p>A junta da bandeja de \u00f3leo produzida pela Qingdao Hengjun Sealing Components Co., Ltd. \u00e9 fabricada de acordo com os padr\u00f5es dos fabricantes de equipamentos originais globais, o que pode evitar situa\u00e7\u00f5es de retrabalho. Ela pode proporcionar um efeito de veda\u00e7\u00e3o e evitar que gotas de \u00f3leo caiam na estrada. Os engenheiros da Qingdao Hengjun Sealing Components Co., Ltd. selecionar\u00e3o o melhor design e materiais com base em aplica\u00e7\u00f5es espec\u00edficas. Nos \u00faltimos anos, a complexidade da estrutura e fun\u00e7\u00e3o da junta da bandeja de \u00f3leo aumentou muito. A junta frequentemente \u00e9 uma parte importante das medidas tomadas pelos fabricantes para controlar o ru\u00eddo, vibra\u00e7\u00e3o e aspereza do motor (NVH). Apenas empresas com tecnologia inovadora de juntas podem fornecer juntas adequadas para cada aplica\u00e7\u00e3o, seja uma nova aplica\u00e7\u00e3o ou uma antiga.<\/p>","protected":false},"excerpt":{"rendered":"<p>A junta do c\u00e1rter de \u00f3leo produzida pela Qingdao Hengjun Sealing Components Co., Ltd. \u00e9 fabricada de acordo com os padr\u00f5es dos fabricantes de equipamentos originais globais, o que pode evitar situa\u00e7\u00f5es de retrabalho. Ela pode fornecer um efeito de veda\u00e7\u00e3o e prevenir a queda de gotas de \u00f3leo...<\/p>","protected":false},"featured_media":716,"comment_status":"open","ping_status":"closed","template":"","meta":{"_acf_changed":false},"product_brand":[],"product_cat":[41],"product_tag":[],"class_list":{"0":"post-715","1":"product","2":"type-product","3":"status-publish","4":"has-post-thumbnail","6":"product_cat-oil-pan-gasket","8":"first","9":"instock","10":"shipping-taxable","11":"product-type-simple"},"acf":[],"_links":{"self":[{"href":"https:\/\/globalrubbersealing.com\/pt\/wp-json\/wp\/v2\/product\/715","targetHints":{"allow":["GET"]}}],"collection":[{"href":"https:\/\/globalrubbersealing.com\/pt\/wp-json\/wp\/v2\/product"}],"about":[{"href":"https:\/\/globalrubbersealing.com\/pt\/wp-json\/wp\/v2\/types\/product"}],"replies":[{"embeddable":true,"href":"https:\/\/globalrubbersealing.com\/pt\/wp-json\/wp\/v2\/comments?post=715"}],"wp:featuredmedia":[{"embeddable":true,"href":"https:\/\/globalrubbersealing.com\/pt\/wp-json\/wp\/v2\/media\/716"}],"wp:attachment":[{"href":"https:\/\/globalrubbersealing.com\/pt\/wp-json\/wp\/v2\/media?parent=715"}],"wp:term":[{"taxonomy":"product_brand","embeddable":true,"href":"https:\/\/globalrubbersealing.com\/pt\/wp-json\/wp\/v2\/product_brand?post=715"},{"taxonomy":"product_cat","embeddable":true,"href":"https:\/\/globalrubbersealing.com\/pt\/wp-json\/wp\/v2\/product_cat?post=715"},{"taxonomy":"product_tag","embeddable":true,"href":"https:\/\/globalrubbersealing.com\/pt\/wp-json\/wp\/v2\/product_tag?post=715"}],"curies":[{"name":"wp","href":"https:\/\/api.w.org\/{rel}","templated":true}]}}