{"id":128,"date":"2020-03-16T13:16:30","date_gmt":"2020-03-16T13:16:30","guid":{"rendered":"http:\/\/localhost\/epb_industrial_demos\/2\/?page_id=128"},"modified":"2025-08-11T14:08:06","modified_gmt":"2025-08-11T06:08:06","slug":"services","status":"publish","type":"page","link":"https:\/\/globalrubbersealing.com\/pt\/services\/","title":{"rendered":"Servi\u00e7os"},"content":{"rendered":"<div data-elementor-type=\"wp-page\" data-elementor-id=\"128\" class=\"elementor elementor-128\" data-elementor-post-type=\"page\">\n\t\t\t\t\t\t<section class=\"elementor-section elementor-top-section elementor-element elementor-element-5688da7 elementor-section-stretched elementor-section-boxed elementor-section-height-default elementor-section-height-default\" data-id=\"5688da7\" data-element_type=\"section\" data-settings=\"{&quot;stretch_section&quot;:&quot;section-stretched&quot;,&quot;background_background&quot;:&quot;classic&quot;,&quot;jet_parallax_layout_list&quot;:[]}\">\n\t\t\t\t\t\t<div class=\"elementor-container elementor-column-gap-default\">\n\t\t\t\t\t<div class=\"elementor-column elementor-col-33 elementor-top-column elementor-element elementor-element-4d919334\" data-id=\"4d919334\" data-element_type=\"column\">\n\t\t\t<div class=\"elementor-widget-wrap elementor-element-populated\">\n\t\t\t\t\t\t<div class=\"elementor-element elementor-element-41016e66 elementor-widget elementor-widget-featured_content\" data-id=\"41016e66\" data-element_type=\"widget\" data-widget_type=\"featured_content.default\">\n\t\t\t\t<div class=\"elementor-widget-container\">\n\t\t\t\t\t<div class='featured featured-has-link featured-has-icon'><div class='featured-header'><a target='_self' href='https:\/\/globalrubbersealing.com\/pt\/factory-building\/'><img alt='Pr\u00e9dio da F\u00e1brica' data-src='https:\/\/globalrubbersealing.com\/wp-content\/smush-webp\/2025\/07\/\u5382\u623f.jpg.webp' src='data:image\/gif;base64,R0lGODlhAQABAAAAACH5BAEKAAEALAAAAAABAAEAAAICTAEAOw==' class='lazyload' style='--smush-placeholder-width: 722px; --smush-placeholder-aspect-ratio: 722\/368;' \/><\/a><\/div><div class='featured-content'><h3 class='featured-title text-uppercase'><a target='_self' href='https:\/\/globalrubbersealing.com\/pt\/factory-building\/'><i class='fas fa-chart-area'><\/i>Pr\u00e9dio da F\u00e1brica<\/a><\/h3><a class='btn btn-md btn-minimal' target='_self' href='https:\/\/globalrubbersealing.com\/pt\/factory-building\/'>LEIA MAIS<\/a><\/div><\/div>\t\t\t\t<\/div>\n\t\t\t\t<\/div>\n\t\t\t\t<div class=\"elementor-element elementor-element-e240819 elementor-widget elementor-widget-spacer\" data-id=\"e240819\" data-element_type=\"widget\" data-widget_type=\"spacer.default\">\n\t\t\t\t<div class=\"elementor-widget-container\">\n\t\t\t\t\t\t\t<div class=\"elementor-spacer\">\n\t\t\t<div class=\"elementor-spacer-inner\"><\/div>\n\t\t<\/div>\n\t\t\t\t\t\t<\/div>\n\t\t\t\t<\/div>\n\t\t\t\t<div class=\"elementor-element elementor-element-41aa250c elementor-widget elementor-widget-featured_content\" data-id=\"41aa250c\" data-element_type=\"widget\" data-widget_type=\"featured_content.default\">\n\t\t\t\t<div class=\"elementor-widget-container\">\n\t\t\t\t\t<div class='featured featured-has-link featured-has-icon'><div class='featured-header'><a target='_self' href='https:\/\/globalrubbersealing.com\/pt\/track\/'><img alt='pista' data-src='https:\/\/globalrubbersealing.com\/wp-content\/smush-webp\/2025\/07\/\u5c65\u5e26\u5408\u56fe.jpg.webp' src='data:image\/gif;base64,R0lGODlhAQABAAAAACH5BAEKAAEALAAAAAABAAEAAAICTAEAOw==' class='lazyload' style='--smush-placeholder-width: 722px; --smush-placeholder-aspect-ratio: 722\/368;' \/><\/a><\/div><div class='featured-content'><h3 class='featured-title text-uppercase'><a target='_self' href='https:\/\/globalrubbersealing.com\/pt\/track\/'><i class='fas fa-plug'><\/i>pista<\/a><\/h3><a class='btn btn-md btn-minimal' target='_self' href='https:\/\/globalrubbersealing.com\/pt\/track\/'>LEIA MAIS<\/a><\/div><\/div>\t\t\t\t<\/div>\n\t\t\t\t<\/div>\n\t\t\t\t\t<\/div>\n\t\t<\/div>\n\t\t\t\t<div class=\"elementor-column elementor-col-33 elementor-top-column elementor-element elementor-element-7a0a6b12\" data-id=\"7a0a6b12\" data-element_type=\"column\">\n\t\t\t<div class=\"elementor-widget-wrap elementor-element-populated\">\n\t\t\t\t\t\t<div class=\"elementor-element elementor-element-2d6e9c62 elementor-widget elementor-widget-featured_content\" data-id=\"2d6e9c62\" data-element_type=\"widget\" data-widget_type=\"featured_content.default\">\n\t\t\t\t<div class=\"elementor-widget-container\">\n\t\t\t\t\t<div class='featured featured-has-icon'><div class='featured-header'><img alt='oficina' data-src='https:\/\/globalrubbersealing.com\/wp-content\/smush-webp\/2025\/07\/\u8f66\u95f4.jpg.webp' src='data:image\/gif;base64,R0lGODlhAQABAAAAACH5BAEKAAEALAAAAAABAAEAAAICTAEAOw==' class='lazyload' style='--smush-placeholder-width: 722px; --smush-placeholder-aspect-ratio: 722\/368;' \/><\/div><div class='featured-content'><h3 class='featured-title text-uppercase'><i class='far fa-sun'><\/i>oficina<\/h3><\/div><\/div>\t\t\t\t<\/div>\n\t\t\t\t<\/div>\n\t\t\t\t<div class=\"elementor-element elementor-element-4ef9eb0b elementor-widget elementor-widget-spacer\" data-id=\"4ef9eb0b\" data-element_type=\"widget\" data-widget_type=\"spacer.default\">\n\t\t\t\t<div class=\"elementor-widget-container\">\n\t\t\t\t\t\t\t<div class=\"elementor-spacer\">\n\t\t\t<div class=\"elementor-spacer-inner\"><\/div>\n\t\t<\/div>\n\t\t\t\t\t\t<\/div>\n\t\t\t\t<\/div>\n\t\t\t\t<div class=\"elementor-element elementor-element-54583cac elementor-widget elementor-widget-featured_content\" data-id=\"54583cac\" data-element_type=\"widget\" data-widget_type=\"featured_content.default\">\n\t\t\t\t<div class=\"elementor-widget-container\">\n\t\t\t\t\t<div class='featured featured-has-link featured-has-icon'><div class='featured-header'><a target='_self' href='https:\/\/globalrubbersealing.com\/pt\/equipment\/'><img alt='equipment' data-src='https:\/\/globalrubbersealing.com\/wp-content\/smush-webp\/2025\/07\/3-1.jpg.webp' src='data:image\/gif;base64,R0lGODlhAQABAAAAACH5BAEKAAEALAAAAAABAAEAAAICTAEAOw==' class='lazyload' style='--smush-placeholder-width: 722px; --smush-placeholder-aspect-ratio: 722\/368;' \/><\/a><\/div><div class='featured-content'><h3 class='featured-title text-uppercase'><a target='_self' href='https:\/\/globalrubbersealing.com\/pt\/equipment\/'><i class='fas fa-fire'><\/i>equipment<\/a><\/h3><a class='btn btn-md btn-minimal' target='_self' href='https:\/\/globalrubbersealing.com\/pt\/equipment\/'>LEIA MAIS<\/a><\/div><\/div>\t\t\t\t<\/div>\n\t\t\t\t<\/div>\n\t\t\t\t\t<\/div>\n\t\t<\/div>\n\t\t\t\t<div class=\"elementor-column elementor-col-33 elementor-top-column elementor-element elementor-element-e957687\" data-id=\"e957687\" data-element_type=\"column\">\n\t\t\t<div class=\"elementor-widget-wrap elementor-element-populated\">\n\t\t\t\t\t\t<div class=\"elementor-element elementor-element-78d1e01 elementor-widget elementor-widget-featured_content\" data-id=\"78d1e01\" data-element_type=\"widget\" data-widget_type=\"featured_content.default\">\n\t\t\t\t<div class=\"elementor-widget-container\">\n\t\t\t\t\t<div class='featured featured-has-link featured-has-icon'><div class='featured-header'><a target='_self' href='https:\/\/globalrubbersealing.com\/pt\/customer-visits\/'><img alt='Visitas de clientes' data-src='https:\/\/globalrubbersealing.com\/wp-content\/smush-webp\/2025\/07\/\u82f1\u56fd\u5ba2\u6237\u6765\u8bbf.jpg.webp' src='data:image\/gif;base64,R0lGODlhAQABAAAAACH5BAEKAAEALAAAAAABAAEAAAICTAEAOw==' class='lazyload' style='--smush-placeholder-width: 722px; --smush-placeholder-aspect-ratio: 722\/368;' \/><\/a><\/div><div class='featured-content'><h3 class='featured-title text-uppercase'><a target='_self' href='https:\/\/globalrubbersealing.com\/pt\/customer-visits\/'><i class='fas fa-flask'><\/i>Visitas de clientes<\/a><\/h3><a class='btn btn-md btn-minimal' target='_self' href='https:\/\/globalrubbersealing.com\/pt\/customer-visits\/'>LEIA MAIS<\/a><\/div><\/div>\t\t\t\t<\/div>\n\t\t\t\t<\/div>\n\t\t\t\t<div class=\"elementor-element elementor-element-7361fe5 elementor-widget elementor-widget-spacer\" data-id=\"7361fe5\" data-element_type=\"widget\" data-widget_type=\"spacer.default\">\n\t\t\t\t<div class=\"elementor-widget-container\">\n\t\t\t\t\t\t\t<div class=\"elementor-spacer\">\n\t\t\t<div class=\"elementor-spacer-inner\"><\/div>\n\t\t<\/div>\n\t\t\t\t\t\t<\/div>\n\t\t\t\t<\/div>\n\t\t\t\t<div class=\"elementor-element elementor-element-347743f2 elementor-widget elementor-widget-featured_content\" data-id=\"347743f2\" data-element_type=\"widget\" data-widget_type=\"featured_content.default\">\n\t\t\t\t<div class=\"elementor-widget-container\">\n\t\t\t\t\t<div class='featured featured-has-link featured-has-icon'><div class='featured-header'><a target='_self' href='https:\/\/globalrubbersealing.com\/pt\/laboratory\/'><img alt='laborat\u00f3rio' data-src='https:\/\/globalrubbersealing.com\/wp-content\/smush-webp\/2025\/07\/\u5b9e\u9a8c\u5ba4.jpg.webp' src='data:image\/gif;base64,R0lGODlhAQABAAAAACH5BAEKAAEALAAAAAABAAEAAAICTAEAOw==' class='lazyload' style='--smush-placeholder-width: 722px; --smush-placeholder-aspect-ratio: 722\/368;' \/><\/a><\/div><div class='featured-content'><h3 class='featured-title text-uppercase'><a target='_self' href='https:\/\/globalrubbersealing.com\/pt\/laboratory\/'><i class='fas fa-puzzle-piece'><\/i>laborat\u00f3rio<\/a><\/h3><a class='btn btn-md btn-minimal' target='_self' href='https:\/\/globalrubbersealing.com\/pt\/laboratory\/'>LEIA MAIS<\/a><\/div><\/div>\t\t\t\t<\/div>\n\t\t\t\t<\/div>\n\t\t\t\t\t<\/div>\n\t\t<\/div>\n\t\t\t\t\t<\/div>\n\t\t<\/section>\n\t\t\t\t<section class=\"elementor-section elementor-top-section elementor-element elementor-element-2147d8e4 elementor-section-stretched elementor-hidden-desktop elementor-hidden-tablet elementor-hidden-mobile elementor-section-boxed elementor-section-height-default elementor-section-height-default\" data-id=\"2147d8e4\" data-element_type=\"section\" data-settings=\"{&quot;stretch_section&quot;:&quot;section-stretched&quot;,&quot;background_background&quot;:&quot;classic&quot;,&quot;jet_parallax_layout_list&quot;:[]}\">\n\t\t\t\t\t\t<div class=\"elementor-container elementor-column-gap-no\">\n\t\t\t\t\t<div class=\"elementor-column elementor-col-100 elementor-top-column elementor-element elementor-element-19e252a2\" data-id=\"19e252a2\" data-element_type=\"column\">\n\t\t\t<div class=\"elementor-widget-wrap elementor-element-populated\">\n\t\t\t\t\t\t<div class=\"elementor-element elementor-element-2415fd8b elementor-widget elementor-widget-download\" data-id=\"2415fd8b\" data-element_type=\"widget\" data-widget_type=\"download.default\">\n\t\t\t\t<div class=\"elementor-widget-container\">\n\t\t\t\t\t<div class=\"download\"><div class='download-content text-uppercase' style='color: #FFFFFF'><i class='fa far fa-file-pdf'><\/i> BAIXE UM CAT\u00c1LOGO COMPLETO DOS NOSSOS SERVI\u00c7OS E ESPECIFICA\u00c7\u00d5ES DE PROJETOS<\/div><a target='_blank' href='#' class='btn btn-md btn-dark btn-shadow'><i class='fa fas fa-cloud-download-alt'><\/i> Baixar<\/a><\/div>\t\t\t\t<\/div>\n\t\t\t\t<\/div>\n\t\t\t\t\t<\/div>\n\t\t<\/div>\n\t\t\t\t\t<\/div>\n\t\t<\/section>\n\t\t\t\t<\/div>","protected":false},"excerpt":{"rendered":"<p>Edif\u00edcio da F\u00e1brica LEIA MAIS trilho LEIA MAIS equipamentos de oficina LEIA MAIS visitas de clientes LEIA MAIS laborat\u00f3rio LEIA MAIS BAIXE UM CAT\u00c1LOGO COMPLETO DE NOSSOS SERVI\u00c7OS E ESPECIFICA\u00c7\u00d5ES DOS PROJETOS Baixar<\/p>","protected":false},"author":1,"featured_media":0,"parent":0,"menu_order":0,"comment_status":"closed","ping_status":"closed","template":"","meta":{"_acf_changed":false,"footnotes":""},"class_list":["post-128","page","type-page","status-publish","hentry"],"acf":[],"_links":{"self":[{"href":"https:\/\/globalrubbersealing.com\/pt\/wp-json\/wp\/v2\/pages\/128","targetHints":{"allow":["GET"]}}],"collection":[{"href":"https:\/\/globalrubbersealing.com\/pt\/wp-json\/wp\/v2\/pages"}],"about":[{"href":"https:\/\/globalrubbersealing.com\/pt\/wp-json\/wp\/v2\/types\/page"}],"author":[{"embeddable":true,"href":"https:\/\/globalrubbersealing.com\/pt\/wp-json\/wp\/v2\/users\/1"}],"replies":[{"embeddable":true,"href":"https:\/\/globalrubbersealing.com\/pt\/wp-json\/wp\/v2\/comments?post=128"}],"version-history":[{"count":0,"href":"https:\/\/globalrubbersealing.com\/pt\/wp-json\/wp\/v2\/pages\/128\/revisions"}],"wp:attachment":[{"href":"https:\/\/globalrubbersealing.com\/pt\/wp-json\/wp\/v2\/media?parent=128"}],"curies":[{"name":"wp","href":"https:\/\/api.w.org\/{rel}","templated":true}]}}