{"id":120,"date":"2020-03-16T13:12:18","date_gmt":"2020-03-16T13:12:18","guid":{"rendered":"http:\/\/localhost\/epb_industrial_demos\/2\/?page_id=120"},"modified":"2020-03-16T13:12:18","modified_gmt":"2020-03-16T13:12:18","slug":"notifications","status":"publish","type":"page","link":"https:\/\/globalrubbersealing.com\/pt\/notifications\/","title":{"rendered":"Notifica\u00e7\u00f5es"},"content":{"rendered":"<div data-elementor-type=\"wp-page\" data-elementor-id=\"120\" class=\"elementor elementor-120\" data-elementor-post-type=\"page\">\n\t\t\t\t\t\t<section class=\"elementor-section elementor-top-section elementor-element elementor-element-0f72cf1 elementor-section-boxed elementor-section-height-default elementor-section-height-default\" data-id=\"0f72cf1\" data-element_type=\"section\" data-settings=\"{&quot;jet_parallax_layout_list&quot;:[]}\">\n\t\t\t\t\t\t<div class=\"elementor-container elementor-column-gap-no\">\n\t\t\t\t\t<div class=\"elementor-column elementor-col-100 elementor-top-column elementor-element elementor-element-0f24ff5\" data-id=\"0f24ff5\" data-element_type=\"column\">\n\t\t\t<div class=\"elementor-widget-wrap elementor-element-populated\">\n\t\t\t\t\t\t<div class=\"elementor-element elementor-element-90c24f2 elementor-widget elementor-widget-heading\" data-id=\"90c24f2\" data-element_type=\"widget\" data-widget_type=\"heading.default\">\n\t\t\t\t<div class=\"elementor-widget-container\">\n\t\t\t\t\t<h3 class='heading-left  divider-sm'  style=\"color:#000000\"><span>NOTIFICA\u00c7\u00d5ES<\/span><\/h3>\t\t\t\t<\/div>\n\t\t\t\t<\/div>\n\t\t\t\t\t<\/div>\n\t\t<\/div>\n\t\t\t\t\t<\/div>\n\t\t<\/section>\n\t\t\t\t<section class=\"elementor-section elementor-top-section elementor-element elementor-element-1518b7a elementor-section-boxed elementor-section-height-default elementor-section-height-default\" data-id=\"1518b7a\" data-element_type=\"section\" data-settings=\"{&quot;jet_parallax_layout_list&quot;:[]}\">\n\t\t\t\t\t\t<div class=\"elementor-container elementor-column-gap-default\">\n\t\t\t\t\t<div class=\"elementor-column elementor-col-100 elementor-top-column elementor-element elementor-element-c40e46d\" data-id=\"c40e46d\" data-element_type=\"column\">\n\t\t\t<div class=\"elementor-widget-wrap elementor-element-populated\">\n\t\t\t\t\t\t<div class=\"elementor-element elementor-element-d3f4200 elementor-widget elementor-widget-alert\" data-id=\"d3f4200\" data-element_type=\"widget\" data-widget_type=\"alert.default\">\n\t\t\t\t<div class=\"elementor-widget-container\">\n\t\t\t\t\t<div class=\"alert alert-info\" role=\"alert\"><span>Mensagem de Informa\u00e7\u00e3o! Sua mensagem vai aqui<\/span><i id=\"alert-icon\" class=\"fa fa-bell\" ><\/i><button type=\"button\" class=\"close\" data-dismiss=\"alert\" aria-hidden=\"true\">\n            <i class=\"fa fa-remove\"><\/i>\n          <\/button>\t\t\t\t<\/div>\n\t\t\t\t<\/div>\n\t\t\t\t<div class=\"elementor-element elementor-element-0f46df9 elementor-widget elementor-widget-alert\" data-id=\"0f46df9\" data-element_type=\"widget\" data-widget_type=\"alert.default\">\n\t\t\t\t<div class=\"elementor-widget-container\">\n\t\t\t\t\t<div class=\"alert alert-danger\" role=\"alert\"><span>Mensagem de Perigo! Sua mensagem vai aqui<\/span><i id=\"alert-icon\" class=\"fa fa-exclamation\" ><\/i><button type=\"button\" class=\"close\" data-dismiss=\"alert\" aria-hidden=\"true\">\n            <i class=\"fa fa-remove\"><\/i>\n          <\/button>\t\t\t\t<\/div>\n\t\t\t\t<\/div>\n\t\t\t\t<div class=\"elementor-element elementor-element-89da22c elementor-widget elementor-widget-alert\" data-id=\"89da22c\" data-element_type=\"widget\" data-widget_type=\"alert.default\">\n\t\t\t\t<div class=\"elementor-widget-container\">\n\t\t\t\t\t<div class=\"alert alert-warning\" role=\"alert\"><span>Mensagem de Aviso! Sua mensagem vai aqui<\/span><i id=\"alert-icon\" class=\"fa fa-info\" ><\/i><button type=\"button\" class=\"close\" data-dismiss=\"alert\" aria-hidden=\"true\">\n            <i class=\"fa fa-remove\"><\/i>\n          <\/button>\t\t\t\t<\/div>\n\t\t\t\t<\/div>\n\t\t\t\t<div class=\"elementor-element elementor-element-58b4eee elementor-widget elementor-widget-alert\" data-id=\"58b4eee\" data-element_type=\"widget\" data-widget_type=\"alert.default\">\n\t\t\t\t<div class=\"elementor-widget-container\">\n\t\t\t\t\t<div class=\"alert alert-success\" role=\"alert\"><span>Mensagem de Sucesso! Sua mensagem vai aqui<\/span><i id=\"alert-icon\" class=\"fa fa-check\" ><\/i><button type=\"button\" class=\"close\" data-dismiss=\"alert\" aria-hidden=\"true\">\n            <i class=\"fa fa-remove\"><\/i>\n          <\/button>\t\t\t\t<\/div>\n\t\t\t\t<\/div>\n\t\t\t\t<div class=\"elementor-element elementor-element-5eb8812 elementor-widget elementor-widget-alert\" data-id=\"5eb8812\" data-element_type=\"widget\" data-widget_type=\"alert.default\">\n\t\t\t\t<div class=\"elementor-widget-container\">\n\t\t\t\t\t<div class=\"alert alert-useful\" role=\"alert\"><span>Mensagem \u00datil! Sua mensagem vai aqui<\/span><i id=\"alert-icon\" class=\"fa fa-lightbulb-o\" ><\/i><button type=\"button\" class=\"close\" data-dismiss=\"alert\" aria-hidden=\"true\">\n            <i class=\"fa fa-remove\"><\/i>\n          <\/button>\t\t\t\t<\/div>\n\t\t\t\t<\/div>\n\t\t\t\t<div class=\"elementor-element elementor-element-1ff1d9c elementor-widget elementor-widget-alert\" data-id=\"1ff1d9c\" data-element_type=\"widget\" data-widget_type=\"alert.default\">\n\t\t\t\t<div class=\"elementor-widget-container\">\n\t\t\t\t\t<div class=\"alert alert-normal\" role=\"alert\"><span>Mensagem Normal! Sua mensagem vai aqui<\/span><i id=\"alert-icon\" class=\"fa fa-hand-o-right\" ><\/i><button type=\"button\" class=\"close\" data-dismiss=\"alert\" aria-hidden=\"true\">\n            <i class=\"fa fa-remove\"><\/i>\n          <\/button>\t\t\t\t<\/div>\n\t\t\t\t<\/div>\n\t\t\t\t\t<\/div>\n\t\t<\/div>\n\t\t\t\t\t<\/div>\n\t\t<\/section>\n\t\t\t\t<section class=\"elementor-section elementor-top-section elementor-element elementor-element-85926f9 elementor-section-boxed elementor-section-height-default elementor-section-height-default\" data-id=\"85926f9\" data-element_type=\"section\" data-settings=\"{&quot;jet_parallax_layout_list&quot;:[]}\">\n\t\t\t\t\t\t<div class=\"elementor-container elementor-column-gap-default\">\n\t\t\t\t\t<div class=\"elementor-column elementor-col-100 elementor-top-column elementor-element elementor-element-ccb3dd8\" data-id=\"ccb3dd8\" data-element_type=\"column\">\n\t\t\t<div class=\"elementor-widget-wrap elementor-element-populated\">\n\t\t\t\t\t\t<div class=\"elementor-element elementor-element-8f00c98 elementor-widget elementor-widget-alert\" data-id=\"8f00c98\" data-element_type=\"widget\" data-widget_type=\"alert.default\">\n\t\t\t\t<div class=\"elementor-widget-container\">\n\t\t\t\t\t<div class=\"alert alert-info-style-2\" role=\"alert\"><span>Mensagem de Informa\u00e7\u00e3o! Sua mensagem vai aqui<\/span><i id=\"alert-icon\" class=\"fa fa-bell\" ><\/i><button type=\"button\" class=\"close\" data-dismiss=\"alert\" aria-hidden=\"true\">\n            <i class=\"fa fa-remove\"><\/i>\n          <\/button>\t\t\t\t<\/div>\n\t\t\t\t<\/div>\n\t\t\t\t<div class=\"elementor-element elementor-element-c0e6b70 elementor-widget elementor-widget-alert\" data-id=\"c0e6b70\" data-element_type=\"widget\" data-widget_type=\"alert.default\">\n\t\t\t\t<div class=\"elementor-widget-container\">\n\t\t\t\t\t<div class=\"alert alert-danger-style-2\" role=\"alert\"><span>Mensagem de Perigo! Sua mensagem vai aqui<\/span><i id=\"alert-icon\" class=\"fa fa-exclamation\" ><\/i><button type=\"button\" class=\"close\" data-dismiss=\"alert\" aria-hidden=\"true\">\n            <i class=\"fa fa-remove\"><\/i>\n          <\/button>\t\t\t\t<\/div>\n\t\t\t\t<\/div>\n\t\t\t\t<div class=\"elementor-element elementor-element-47d5c01 elementor-widget elementor-widget-alert\" data-id=\"47d5c01\" data-element_type=\"widget\" data-widget_type=\"alert.default\">\n\t\t\t\t<div class=\"elementor-widget-container\">\n\t\t\t\t\t<div class=\"alert alert-warning-style-2\" role=\"alert\"><span>Mensagem de Aviso! Sua mensagem vai aqui<\/span><i id=\"alert-icon\" class=\"fa fa-info\" ><\/i><button type=\"button\" class=\"close\" data-dismiss=\"alert\" aria-hidden=\"true\">\n            <i class=\"fa fa-remove\"><\/i>\n          <\/button>\t\t\t\t<\/div>\n\t\t\t\t<\/div>\n\t\t\t\t<div class=\"elementor-element elementor-element-cf66309 elementor-widget elementor-widget-alert\" data-id=\"cf66309\" data-element_type=\"widget\" data-widget_type=\"alert.default\">\n\t\t\t\t<div class=\"elementor-widget-container\">\n\t\t\t\t\t<div class=\"alert alert-success-style-2\" role=\"alert\"><span>Mensagem de Sucesso! Sua mensagem vai aqui<\/span><i id=\"alert-icon\" class=\"fa fa-check\" ><\/i><button type=\"button\" class=\"close\" data-dismiss=\"alert\" aria-hidden=\"true\">\n            <i class=\"fa fa-remove\"><\/i>\n          <\/button>\t\t\t\t<\/div>\n\t\t\t\t<\/div>\n\t\t\t\t<div class=\"elementor-element elementor-element-06cf551 elementor-widget elementor-widget-alert\" data-id=\"06cf551\" data-element_type=\"widget\" data-widget_type=\"alert.default\">\n\t\t\t\t<div class=\"elementor-widget-container\">\n\t\t\t\t\t<div class=\"alert alert-useful-style-2\" role=\"alert\"><span>Mensagem \u00datil! Sua mensagem vai aqui<\/span><i id=\"alert-icon\" class=\"fa fa-lightbulb-o\" ><\/i><button type=\"button\" class=\"close\" data-dismiss=\"alert\" aria-hidden=\"true\">\n            <i class=\"fa fa-remove\"><\/i>\n          <\/button>\t\t\t\t<\/div>\n\t\t\t\t<\/div>\n\t\t\t\t<div class=\"elementor-element elementor-element-e4df985 elementor-widget elementor-widget-alert\" data-id=\"e4df985\" data-element_type=\"widget\" data-widget_type=\"alert.default\">\n\t\t\t\t<div class=\"elementor-widget-container\">\n\t\t\t\t\t<div class=\"alert alert-normal-style-2\" role=\"alert\"><span>Mensagem Normal! Sua mensagem vai aqui<\/span><i id=\"alert-icon\" class=\"fa fa-hand-o-right\" ><\/i><button type=\"button\" class=\"close\" data-dismiss=\"alert\" aria-hidden=\"true\">\n            <i class=\"fa fa-remove\"><\/i>\n          <\/button>\t\t\t\t<\/div>\n\t\t\t\t<\/div>\n\t\t\t\t\t<\/div>\n\t\t<\/div>\n\t\t\t\t\t<\/div>\n\t\t<\/section>\n\t\t\t\t<\/div>","protected":false},"excerpt":{"rendered":"<p>NOTIFICA\u00c7\u00d5ES Mensagem de Informa\u00e7\u00e3o! Sua mensagem vai aqui Mensagem de Perigo! Sua mensagem vai aqui Mensagem de Advert\u00eancia! Sua mensagem vai aqui Mensagem de Sucesso! Sua mensagem vai aqui Mensagem \u00datil! Sua mensagem vai aqui Mensagem Normal! Sua mensagem vai aqui Mensagem de Informa\u00e7\u00e3o! Sua \u2026<\/p>","protected":false},"author":1,"featured_media":0,"parent":0,"menu_order":0,"comment_status":"closed","ping_status":"closed","template":"","meta":{"_acf_changed":false,"footnotes":""},"class_list":["post-120","page","type-page","status-publish","hentry"],"acf":[],"_links":{"self":[{"href":"https:\/\/globalrubbersealing.com\/pt\/wp-json\/wp\/v2\/pages\/120","targetHints":{"allow":["GET"]}}],"collection":[{"href":"https:\/\/globalrubbersealing.com\/pt\/wp-json\/wp\/v2\/pages"}],"about":[{"href":"https:\/\/globalrubbersealing.com\/pt\/wp-json\/wp\/v2\/types\/page"}],"author":[{"embeddable":true,"href":"https:\/\/globalrubbersealing.com\/pt\/wp-json\/wp\/v2\/users\/1"}],"replies":[{"embeddable":true,"href":"https:\/\/globalrubbersealing.com\/pt\/wp-json\/wp\/v2\/comments?post=120"}],"version-history":[{"count":0,"href":"https:\/\/globalrubbersealing.com\/pt\/wp-json\/wp\/v2\/pages\/120\/revisions"}],"wp:attachment":[{"href":"https:\/\/globalrubbersealing.com\/pt\/wp-json\/wp\/v2\/media?parent=120"}],"curies":[{"name":"wp","href":"https:\/\/api.w.org\/{rel}","templated":true}]}}