{"id":104,"date":"2020-03-16T13:08:32","date_gmt":"2020-03-16T13:08:32","guid":{"rendered":"http:\/\/localhost\/epb_industrial_demos\/2\/?page_id=104"},"modified":"2025-08-15T09:23:06","modified_gmt":"2025-08-15T01:23:06","slug":"contact-us","status":"publish","type":"page","link":"https:\/\/globalrubbersealing.com\/pt\/contact-us\/","title":{"rendered":"Contate-nos"},"content":{"rendered":"<div data-elementor-type=\"wp-page\" data-elementor-id=\"104\" class=\"elementor elementor-104\" data-elementor-post-type=\"page\">\n\t\t\t\t\t\t<section class=\"elementor-section elementor-top-section elementor-element elementor-element-726e84f elementor-section-stretched elementor-section-full_width elementor-hidden-desktop elementor-hidden-tablet elementor-hidden-mobile elementor-section-height-default elementor-section-height-default\" data-id=\"726e84f\" data-element_type=\"section\" data-settings=\"{&quot;stretch_section&quot;:&quot;section-stretched&quot;,&quot;jet_parallax_layout_list&quot;:[]}\">\n\t\t\t\t\t\t<div class=\"elementor-container elementor-column-gap-default\">\n\t\t\t\t\t<div class=\"elementor-column elementor-col-100 elementor-top-column elementor-element elementor-element-76e2972\" data-id=\"76e2972\" data-element_type=\"column\">\n\t\t\t<div class=\"elementor-widget-wrap elementor-element-populated\">\n\t\t\t\t\t\t<div class=\"elementor-element elementor-element-c51b7d8 elementor-widget elementor-widget-google_maps\" data-id=\"c51b7d8\" data-element_type=\"widget\" data-widget_type=\"google_maps.default\">\n\t\t\t\t<div class=\"elementor-widget-container\">\n\t\t\t\t\t<div data-styles='[{\"featureType\":\"landscape\",\"stylers\":[{\"saturation\":-100},{\"lightness\":65},{\"visibility\":\"on\"}]},{\"featureType\":\"poi\",\"stylers\":[{\"saturation\":-100},{\"lightness\":51},{\"visibility\":\"simplified\"}]},{\"featureType\":\"road.highway\",\"stylers\":[{\"saturation\":-100},{\"visibility\":\"simplified\"}]},{\"featureType\":\"road.arterial\",\"stylers\":[{\"saturation\":-100},{\"lightness\":30},{\"visibility\":\"on\"}]},{\"featureType\":\"road.local\",\"stylers\":[{\"saturation\":-100},{\"lightness\":40},{\"visibility\":\"on\"}]},{\"featureType\":\"transit\",\"stylers\":[{\"saturation\":-100},{\"visibility\":\"simplified\"}]},{\"featureType\":\"administrative.province\",\"stylers\":[{\"visibility\":\"off\"}]},{\"featureType\":\"water\",\"elementType\":\"labels\",\"stylers\":[{\"visibility\":\"on\"},{\"lightness\":-25},{\"saturation\":-100}]},{\"featureType\":\"water\",\"elementType\":\"geometry\",\"stylers\":[{\"hue\":\"#ffff00\"},{\"lightness\":-25},{\"saturation\":-97}]}]' class='map' id='map1' style='height: 450px;' data-type='ROADMAP' data-zoom='14' data-scroll='false' data-markers='{ \"address\": \"Jimo District, Qingdao City, Shandong Province\",  \"center\": \"true\", \"data\": \"\", \"options\": { \"icon\": \"\" } }|'><\/div>\t\t\t\t<\/div>\n\t\t\t\t<\/div>\n\t\t\t\t\t<\/div>\n\t\t<\/div>\n\t\t\t\t\t<\/div>\n\t\t<\/section>\n\t\t\t\t<section class=\"elementor-section elementor-top-section elementor-element elementor-element-c977aee elementor-section-boxed elementor-section-height-default elementor-section-height-default\" data-id=\"c977aee\" data-element_type=\"section\" data-settings=\"{&quot;jet_parallax_layout_list&quot;:[]}\">\n\t\t\t\t\t\t<div class=\"elementor-container elementor-column-gap-default\">\n\t\t\t\t\t<div class=\"elementor-column elementor-col-100 elementor-top-column elementor-element elementor-element-b0633ac\" data-id=\"b0633ac\" data-element_type=\"column\">\n\t\t\t<div class=\"elementor-widget-wrap elementor-element-populated\">\n\t\t\t\t\t\t<div class=\"elementor-element elementor-element-28168aa elementor-widget elementor-widget-heading\" data-id=\"28168aa\" data-element_type=\"widget\" data-widget_type=\"heading.default\">\n\t\t\t\t<div class=\"elementor-widget-container\">\n\t\t\t\t\t<h3 class='heading-left  divider-modern'  style=\"color:#000000\"><span><em class=\"heading-subtitle\" style='color: #D1D1D1'>N\u00e3o seja t\u00edmido<\/em>NO CONTATO CONOSCO<\/span><\/h3>\t\t\t\t<\/div>\n\t\t\t\t<\/div>\n\t\t\t\t<div class=\"elementor-element elementor-element-f7d0d04 elementor-widget elementor-widget-text-editor\" data-id=\"f7d0d04\" data-element_type=\"widget\" data-widget_type=\"text-editor.default\">\n\t\t\t\t<div class=\"elementor-widget-container\">\n\t\t\t\t\t\t\t\t\t<p>nosso parceiro confi\u00e1vel para solu\u00e7\u00f5es de veda\u00e7\u00e3o de precis\u00e3o e sistemas de trilhos de borracha<\/p>\t\t\t\t\t\t\t\t<\/div>\n\t\t\t\t<\/div>\n\t\t\t\t\t<\/div>\n\t\t<\/div>\n\t\t\t\t\t<\/div>\n\t\t<\/section>\n\t\t\t\t<section class=\"elementor-section elementor-top-section elementor-element elementor-element-dabe712 elementor-section-boxed elementor-section-height-default elementor-section-height-default\" data-id=\"dabe712\" data-element_type=\"section\" data-settings=\"{&quot;jet_parallax_layout_list&quot;:[]}\">\n\t\t\t\t\t\t<div class=\"elementor-container elementor-column-gap-default\">\n\t\t\t\t\t<div class=\"elementor-column elementor-col-50 elementor-top-column elementor-element elementor-element-2862ce9\" data-id=\"2862ce9\" data-element_type=\"column\">\n\t\t\t<div class=\"elementor-widget-wrap elementor-element-populated\">\n\t\t\t\t\t\t<div class=\"elementor-element elementor-element-ecdfc7e elementor-widget elementor-widget-contact_info\" data-id=\"ecdfc7e\" data-element_type=\"widget\" data-widget_type=\"contact_info.default\">\n\t\t\t\t<div class=\"elementor-widget-container\">\n\t\t\t\t\t<table class='info-table'><tbody><tr class='info-table-row'><th class='info-table-icon'><i class='fa fas fa-long-arrow-alt-right'><\/i><\/th><td class='info-table-content'>Qingdao Hengjun Rubber and Plastic Co., LTD<\/td><\/tr><tr class='info-table-row'><th class='info-table-icon'><i class='fa fas fa-map-marker-alt'><\/i><\/th><td class='info-table-content'>Distrito de Jimo, Cidade de Qingdao, Prov\u00edncia de Shandong<\/td><\/tr><tr class='info-table-row'><th class='info-table-icon'><i class='fa fab fa-whatsapp-square'><\/i><\/th><td class='info-table-content'>18953206626, 85246074892, 85246074892<\/td><\/tr><tr class='info-table-row'><th class='info-table-icon'><i class='fa fas fa-phone'><\/i><\/th><td class='info-table-content'>18953206626,15166639528<\/td><\/tr><tr class='info-table-row'><th class='info-table-icon'><i class='fa fas fa-envelope'><\/i><\/th><td class='info-table-content'>hengjunxiangsu@gmail.com<\/td><\/tr><tr class='info-table-row'><th class='info-table-icon'><i class='fa fas fa-globe'><\/i><\/th><td class='info-table-content'><strong><a href='\/pt\/globalrubbersealing.com\/'>globalrubbersealing.com<\/a><\/strong><\/td><\/tr><\/tbody><\/table>\t\t\t\t<\/div>\n\t\t\t\t<\/div>\n\t\t<div class=\"elementor-element elementor-element-c8da09e elementor-hidden-desktop elementor-hidden-tablet elementor-hidden-mobile e-flex e-con-boxed e-con e-parent\" data-id=\"c8da09e\" data-element_type=\"container\" data-settings=\"{&quot;jet_parallax_layout_list&quot;:[]}\">\n\t\t\t\t\t<div class=\"e-con-inner\">\n\t\t\t\t<div class=\"elementor-element elementor-element-0315278 elementor-widget elementor-widget-image\" data-id=\"0315278\" data-element_type=\"widget\" data-widget_type=\"image.default\">\n\t\t\t\t<div class=\"elementor-widget-container\">\n\t\t\t\t\t\t\t\t\t\t\t\t<figure class=\"wp-caption\">\n\t\t\t\t\t\t\t\t\t\t<img fetchpriority=\"high\" decoding=\"async\" width=\"475\" height=\"471\" src=\"https:\/\/globalrubbersealing.com\/wp-content\/smush-webp\/2025\/08\/wechat_2025-08-15_091836_177.png.webp\" class=\"attachment-large size-large wp-image-1046\" alt=\"\" srcset=\"https:\/\/globalrubbersealing.com\/wp-content\/smush-webp\/2025\/08\/wechat_2025-08-15_091836_177.png.webp 475w, https:\/\/globalrubbersealing.com\/wp-content\/smush-webp\/2025\/08\/wechat_2025-08-15_091836_177-300x297.png.webp 300w, https:\/\/globalrubbersealing.com\/wp-content\/smush-webp\/2025\/08\/wechat_2025-08-15_091836_177-150x150.png.webp 150w, https:\/\/globalrubbersealing.com\/wp-content\/smush-webp\/2025\/08\/wechat_2025-08-15_091836_177-12x12.png.webp 12w, https:\/\/globalrubbersealing.com\/wp-content\/smush-webp\/2025\/08\/wechat_2025-08-15_091836_177-100x100.png.webp 100w\" sizes=\"(max-width: 475px) 100vw, 475px\" \/>\t\t\t\t\t\t\t\t\t\t\t<figcaption class=\"widget-image-caption wp-caption-text\"><\/figcaption>\n\t\t\t\t\t\t\t\t\t\t<\/figure>\n\t\t\t\t\t\t\t\t\t<\/div>\n\t\t\t\t<\/div>\n\t\t\t\t<div class=\"elementor-element elementor-element-170b484 elementor-widget elementor-widget-image\" data-id=\"170b484\" data-element_type=\"widget\" data-widget_type=\"image.default\">\n\t\t\t\t<div class=\"elementor-widget-container\">\n\t\t\t\t\t\t\t\t\t\t\t\t\t\t\t<img decoding=\"async\" width=\"466\" height=\"463\" data-src=\"https:\/\/globalrubbersealing.com\/wp-content\/smush-webp\/2025\/08\/wechat_2025-08-15_091814_418.png.webp\" class=\"attachment-large size-large wp-image-1045 lazyload\" alt=\"\" data-srcset=\"https:\/\/globalrubbersealing.com\/wp-content\/smush-webp\/2025\/08\/wechat_2025-08-15_091814_418.png.webp 466w, https:\/\/globalrubbersealing.com\/wp-content\/smush-webp\/2025\/08\/wechat_2025-08-15_091814_418-300x298.png.webp 300w, https:\/\/globalrubbersealing.com\/wp-content\/smush-webp\/2025\/08\/wechat_2025-08-15_091814_418-150x150.png.webp 150w, https:\/\/globalrubbersealing.com\/wp-content\/smush-webp\/2025\/08\/wechat_2025-08-15_091814_418-12x12.png.webp 12w, https:\/\/globalrubbersealing.com\/wp-content\/smush-webp\/2025\/08\/wechat_2025-08-15_091814_418-100x100.png.webp 100w\" data-sizes=\"(max-width: 466px) 100vw, 466px\" src=\"data:image\/gif;base64,R0lGODlhAQABAAAAACH5BAEKAAEALAAAAAABAAEAAAICTAEAOw==\" style=\"--smush-placeholder-width: 466px; --smush-placeholder-aspect-ratio: 466\/463;\" \/>\t\t\t\t\t\t\t\t\t\t\t\t\t\t\t<\/div>\n\t\t\t\t<\/div>\n\t\t\t\t\t<\/div>\n\t\t\t\t<\/div>\n\t\t\t\t\t<\/div>\n\t\t<\/div>\n\t\t\t\t<div class=\"elementor-column elementor-col-50 elementor-top-column elementor-element elementor-element-304c6b8\" data-id=\"304c6b8\" data-element_type=\"column\">\n\t\t\t<div class=\"elementor-widget-wrap elementor-element-populated\">\n\t\t\t\t\t\t<div class=\"elementor-element elementor-element-2ab6c20 elementor-button-align-stretch elementor-widget elementor-widget-form\" data-id=\"2ab6c20\" data-element_type=\"widget\" data-settings=\"{&quot;step_next_label&quot;:&quot;Next&quot;,&quot;step_previous_label&quot;:&quot;Previous&quot;,&quot;button_width&quot;:&quot;100&quot;,&quot;step_type&quot;:&quot;number_text&quot;,&quot;step_icon_shape&quot;:&quot;circle&quot;}\" data-widget_type=\"form.default\">\n\t\t\t\t<div class=\"elementor-widget-container\">\n\t\t\t\t\t\t\t<form class=\"elementor-form\" method=\"post\" name=\"New Form\" action=\"\">\n\t\t\t<input type=\"hidden\" name=\"post_id\" value=\"104\"\/>\n\t\t\t<input type=\"hidden\" name=\"form_id\" value=\"2ab6c20\"\/>\n\t\t\t<input type=\"hidden\" name=\"referer_title\" value=\"Contact us &#x2d; Qingdao Hengjun Rubber and Plastic Co., Ltd.\" \/>\n\n\t\t\t\t\t\t\t<input type=\"hidden\" name=\"queried_id\" value=\"104\"\/>\n\t\t\t\n\t\t\t<div class=\"elementor-form-fields-wrapper elementor-labels-above\">\n\t\t\t\t\t\t\t\t<div class=\"elementor-field-type-text elementor-field-group elementor-column elementor-field-group-name elementor-col-100\">\n\t\t\t\t\t\t\t\t\t\t\t\t<label for=\"form-field-name\" class=\"elementor-field-label\">\n\t\t\t\t\t\t\t\tNome\t\t\t\t\t\t\t<\/label>\n\t\t\t\t\t\t\t\t\t\t\t\t\t\t<input size=\"1\" type=\"text\" name=\"form_fields[name]\" id=\"form-field-name\" class=\"elementor-field elementor-size-sm  elementor-field-textual\" placeholder=\"Nome\">\n\t\t\t\t\t\t\t\t\t\t\t<\/div>\n\t\t\t\t\t\t\t\t<div class=\"elementor-field-type-email elementor-field-group elementor-column elementor-field-group-email elementor-col-100 elementor-field-required\">\n\t\t\t\t\t\t\t\t\t\t\t\t<label for=\"form-field-email\" class=\"elementor-field-label\">\n\t\t\t\t\t\t\t\tEmail\t\t\t\t\t\t\t<\/label>\n\t\t\t\t\t\t\t\t\t\t\t\t\t\t<input size=\"1\" type=\"email\" name=\"form_fields[email]\" id=\"form-field-email\" class=\"elementor-field elementor-size-sm  elementor-field-textual\" placeholder=\"Email\" required=\"required\">\n\t\t\t\t\t\t\t\t\t\t\t<\/div>\n\t\t\t\t\t\t\t\t<div class=\"elementor-field-type-textarea elementor-field-group elementor-column elementor-field-group-message elementor-col-100\">\n\t\t\t\t\t\t\t\t\t\t\t\t<label for=\"form-field-message\" class=\"elementor-field-label\">\n\t\t\t\t\t\t\t\tMensagem\t\t\t\t\t\t\t<\/label>\n\t\t\t\t\t\t<textarea class=\"elementor-field-textual elementor-field  elementor-size-sm\" name=\"form_fields[message]\" id=\"form-field-message\" rows=\"4\" placeholder=\"Mensagem\"><\/textarea>\t\t\t\t<\/div>\n\t\t\t\t\t\t\t\t<div class=\"elementor-field-group elementor-column elementor-field-type-submit elementor-col-100 e-form__buttons\">\n\t\t\t\t\t<button class=\"elementor-button elementor-size-sm\" type=\"submit\">\n\t\t\t\t\t\t<span class=\"elementor-button-content-wrapper\">\n\t\t\t\t\t\t\t\t\t\t\t\t\t\t\t\t\t\t\t\t\t\t<span class=\"elementor-button-text\">Enviar<\/span>\n\t\t\t\t\t\t\t\t\t\t\t\t\t<\/span>\n\t\t\t\t\t<\/button>\n\t\t\t\t<\/div>\n\t\t\t<\/div>\n\t\t<input type=\"hidden\" name=\"trp-form-language\" value=\"pt\"\/><\/form>\n\t\t\t\t\t\t<\/div>\n\t\t\t\t<\/div>\n\t\t\t\t\t<\/div>\n\t\t<\/div>\n\t\t\t\t\t<\/div>\n\t\t<\/section>\n\t\t\t\t<section class=\"elementor-section elementor-top-section elementor-element elementor-element-4b086b9e elementor-section-stretched elementor-hidden-desktop elementor-hidden-tablet elementor-hidden-mobile elementor-section-boxed elementor-section-height-default elementor-section-height-default\" data-id=\"4b086b9e\" data-element_type=\"section\" data-settings=\"{&quot;stretch_section&quot;:&quot;section-stretched&quot;,&quot;background_background&quot;:&quot;classic&quot;,&quot;jet_parallax_layout_list&quot;:[]}\">\n\t\t\t\t\t\t<div class=\"elementor-container elementor-column-gap-no\">\n\t\t\t\t\t<div class=\"elementor-column elementor-col-100 elementor-top-column elementor-element elementor-element-58b5d007\" data-id=\"58b5d007\" data-element_type=\"column\">\n\t\t\t<div class=\"elementor-widget-wrap elementor-element-populated\">\n\t\t\t\t\t\t<div class=\"elementor-element elementor-element-4c839475 elementor-widget elementor-widget-download\" data-id=\"4c839475\" data-element_type=\"widget\" data-widget_type=\"download.default\">\n\t\t\t\t<div class=\"elementor-widget-container\">\n\t\t\t\t\t<div class=\"download\"><div class='download-content text-uppercase' style='color: #FFFFFF'><i class='fa far fa-file-pdf'><\/i> BAIXE UM CAT\u00c1LOGO COMPLETO DOS NOSSOS SERVI\u00c7OS E ESPECIFICA\u00c7\u00d5ES DE PROJETOS<\/div><a target='_blank' href='#' class='btn btn-md btn-dark btn-shadow'><i class='fa fas fa-cloud-download-alt'><\/i> Baixar<\/a><\/div>\t\t\t\t<\/div>\n\t\t\t\t<\/div>\n\t\t\t\t\t<\/div>\n\t\t<\/div>\n\t\t\t\t\t<\/div>\n\t\t<\/section>\n\t\t\t\t<\/div>","protected":false},"excerpt":{"rendered":"<p>Don\u2019t be shyDO CONTACT US our reliable partner for precision sealing solutions and rubber track systems Qingdao Hengjun Rubber and Plastic Co., LTD Jimo District, Qingdao City, Shandong Province 18953206626, 85246074892, 85246074892 18953206626,15166639528 hengjunxiangsu@gmail.com globalrubbersealing.com DOWNLOAD A COMPLETE CATALOG OF \u2026<\/p>","protected":false},"author":1,"featured_media":0,"parent":0,"menu_order":0,"comment_status":"closed","ping_status":"closed","template":"","meta":{"_acf_changed":false,"footnotes":""},"class_list":["post-104","page","type-page","status-publish","hentry"],"acf":[],"_links":{"self":[{"href":"https:\/\/globalrubbersealing.com\/pt\/wp-json\/wp\/v2\/pages\/104","targetHints":{"allow":["GET"]}}],"collection":[{"href":"https:\/\/globalrubbersealing.com\/pt\/wp-json\/wp\/v2\/pages"}],"about":[{"href":"https:\/\/globalrubbersealing.com\/pt\/wp-json\/wp\/v2\/types\/page"}],"author":[{"embeddable":true,"href":"https:\/\/globalrubbersealing.com\/pt\/wp-json\/wp\/v2\/users\/1"}],"replies":[{"embeddable":true,"href":"https:\/\/globalrubbersealing.com\/pt\/wp-json\/wp\/v2\/comments?post=104"}],"version-history":[{"count":0,"href":"https:\/\/globalrubbersealing.com\/pt\/wp-json\/wp\/v2\/pages\/104\/revisions"}],"wp:attachment":[{"href":"https:\/\/globalrubbersealing.com\/pt\/wp-json\/wp\/v2\/media?parent=104"}],"curies":[{"name":"wp","href":"https:\/\/api.w.org\/{rel}","templated":true}]}}