{"id":1027,"date":"2025-07-28T15:06:38","date_gmt":"2025-07-28T07:06:38","guid":{"rendered":"https:\/\/globalrubbersealing.com\/?page_id=1027"},"modified":"2025-07-28T15:08:10","modified_gmt":"2025-07-28T07:08:10","slug":"laboratory","status":"publish","type":"page","link":"https:\/\/globalrubbersealing.com\/pt\/laboratory\/","title":{"rendered":"laborat\u00f3rio"},"content":{"rendered":"<div data-elementor-type=\"wp-page\" data-elementor-id=\"1027\" class=\"elementor elementor-1027\" data-elementor-post-type=\"page\">\n\t\t\t\t<div class=\"elementor-element elementor-element-f351579 e-flex e-con-boxed e-con e-parent\" data-id=\"f351579\" data-element_type=\"container\" data-settings=\"{&quot;jet_parallax_layout_list&quot;:[]}\">\n\t\t\t\t\t<div class=\"e-con-inner\">\n\t\t\t\t<div class=\"elementor-element elementor-element-048c528 elementor-widget elementor-widget-image\" data-id=\"048c528\" data-element_type=\"widget\" data-widget_type=\"image.default\">\n\t\t\t\t<div class=\"elementor-widget-container\">\n\t\t\t\t\t\t\t\t\t\t\t\t\t\t\t<img fetchpriority=\"high\" decoding=\"async\" width=\"722\" height=\"368\" src=\"https:\/\/globalrubbersealing.com\/wp-content\/smush-webp\/2025\/07\/\u5b9e\u9a8c\u5ba4.jpg.webp\" class=\"attachment-large size-large wp-image-1026\" alt=\"\" srcset=\"https:\/\/globalrubbersealing.com\/wp-content\/smush-webp\/2025\/07\/\u5b9e\u9a8c\u5ba4.jpg.webp 722w, https:\/\/globalrubbersealing.com\/wp-content\/smush-webp\/2025\/07\/\u5b9e\u9a8c\u5ba4-300x153.jpg.webp 300w, https:\/\/globalrubbersealing.com\/wp-content\/smush-webp\/2025\/07\/\u5b9e\u9a8c\u5ba4-18x9.jpg.webp 18w, https:\/\/globalrubbersealing.com\/wp-content\/smush-webp\/2025\/07\/\u5b9e\u9a8c\u5ba4-600x306.jpg.webp 600w\" sizes=\"(max-width: 722px) 100vw, 722px\" \/>\t\t\t\t\t\t\t\t\t\t\t\t\t\t\t<\/div>\n\t\t\t\t<\/div>\n\t\t\t\t<div class=\"elementor-element elementor-element-68c9da2 elementor-widget elementor-widget-text-editor\" data-id=\"68c9da2\" data-element_type=\"widget\" data-widget_type=\"text-editor.default\">\n\t\t\t\t<div class=\"elementor-widget-container\">\n\t\t\t\t\t\t\t\t\t<p>Island Hengjun Sealing Components Co., Ltd., como uma empresa especializada na pesquisa e fabrica\u00e7\u00e3o de veda\u00e7\u00f5es de borracha de alto desempenho, est\u00e1 ciente de que a qualidade do produto \u00e9 a pedra angular para a sobreviv\u00eancia e desenvolvimento da empresa. Portanto, a empresa investiu na cria\u00e7\u00e3o de um laborat\u00f3rio de testes profissional para materiais e produtos de borracha com tecnologia avan\u00e7ada e fun\u00e7\u00f5es completas. Este laborat\u00f3rio est\u00e1 equipado com equipamentos de teste mainstream internacionais e l\u00edderes do setor, cobrindo todo o processo de teste de materiais de borracha, desde avalia\u00e7\u00e3o de mat\u00e9ria-prima, otimiza\u00e7\u00e3o de processo de f\u00f3rmula at\u00e9 verifica\u00e7\u00e3o de desempenho do produto, fornecendo garantias experimentais s\u00f3lidas e suporte de dados para a alta qualidade, alta confiabilidade e inova\u00e7\u00e3o cont\u00ednua dos produtos.<\/p><ol><li>Capacidades de Testes do Laborat\u00f3rio Central<\/li><li>Teste de Desempenho F\u00edsico e Mec\u00e2nico do Material:<\/li><\/ol><p>Equipamento: M\u00e1quina de Teste de Tra\u00e7\u00e3o de Borracha<\/p><p>Capacidade: Determinar com precis\u00e3o indicadores de desempenho mec\u00e2nico centrais de materiais de borracha, como resist\u00eancia \u00e0 tra\u00e7\u00e3o, alongamento na ruptura, tens\u00e3o de tra\u00e7\u00e3o em alongamento constante e deforma\u00e7\u00e3o permanente.<\/p><p>Base Padr\u00e3o: GB\/T 528, ISO 37, ASTM D412, etc.<\/p><p>Aplica\u00e7\u00e3o: Avaliar a resist\u00eancia e elasticidade do material de borracha, prever o desempenho de veda\u00e7\u00e3o de tra\u00e7\u00e3o, resist\u00eancia ao rasgo e rebote dos componentes de veda\u00e7\u00e3o em condi\u00e7\u00f5es de trabalho reais.<\/p><p>\u00a0<\/p><ol start=\"2\"><li>Avalia\u00e7\u00e3o da resist\u00eancia ao envelhecimento do material:<\/li><\/ol><p>Equipamento: C\u00e2mara de teste de envelhecimento de borracha (envelhecimento por ar quente)<\/p><p>Capacidade: Simular as altera\u00e7\u00f5es de desempenho dos materiais de borracha em condi\u00e7\u00f5es de alta temperatura prolongada. Conduzir experimentos de envelhecimento por ar quente para avaliar as taxas de reten\u00e7\u00e3o de propriedades, como resist\u00eancia \u00e0 tra\u00e7\u00e3o, alongamento, dureza, etc., ap\u00f3s o envelhecimento.<\/p><p>Base padr\u00e3o: GB\/T 3512, ISO 188, ASTM D573, etc.<\/p><p>Aplica\u00e7\u00e3o: Prever a vida \u00fatil e a tend\u00eancia de degrada\u00e7\u00e3o de desempenho das veda\u00e7\u00f5es em compartimentos de motores, tubula\u00e7\u00f5es de alta temperatura, etc., e orientar o design de formula\u00e7\u00f5es anti-envelhecimento.<\/p><ol start=\"3\"><li>Avalia\u00e7\u00e3o da resist\u00eancia ao frio do material:<\/li><\/ol><p>Equipamento: C\u00e2mara de teste de baixa temperatura de borracha<\/p><p>Capacidade: Testar o desempenho dos materiais de borracha em ambiente de baixa temperatura definido. Conduzir testes de fragilidade a baixa temperatura, testes de deforma\u00e7\u00e3o permanente por compress\u00e3o a baixa temperatura, testes de resili\u00eancia a baixa temperatura, etc.<\/p><p>Base padr\u00e3o: GB\/T 1682 (temperatura de fragilidade), GB\/T 7759 (deforma\u00e7\u00e3o permanente por compress\u00e3o a baixa temperatura), ASTM D1329 (teste de retra\u00e7\u00e3o TR a baixa temperatura), etc.<\/p><p>Aplica\u00e7\u00e3o: Garantir que as veda\u00e7\u00f5es mantenham elasticidade e capacidade de veda\u00e7\u00e3o em regi\u00f5es frias, equipamentos de congelamento, etc., sem rachaduras.<\/p><ol start=\"4\"><li>An\u00e1lise do desempenho de processamento do composto de borracha:<\/li><\/ol><p>Equipamento: Medidor de Fluxo de Derretimento (Tester de Fluxo de Derretimento)<\/p><p>Capacidade: Medir o \u00edndice de fluxo de derretimento (ML 1+4 @ 100\u00b0C) e o tempo de cura de compostos de borracha n\u00e3o vulcanizados.<\/p><p>Base padr\u00e3o: GB\/T 1232.1, ISO 289-1, ASTM D1646, etc.<\/p><p>Aplica\u00e7\u00e3o: Avaliar a homogeneidade da mistura do composto, prever a fluidez antes da vulcaniza\u00e7\u00e3o e a estabilidade de armazenamento, monitorar a consist\u00eancia de lotes de mat\u00e9ria-prima e otimizar o processo de mistura.<\/p><ol start=\"5\"><li>An\u00e1lise das caracter\u00edsticas de vulcaniza\u00e7\u00e3o:<\/li><\/ol><p>Equipamento: Instrumento de vulcaniza\u00e7\u00e3o de borracha sem rotor<\/p><p>Capacidade: Determinar com precis\u00e3o a curva de vulcaniza\u00e7\u00e3o do composto de borracha na temperatura ajustada, obter par\u00e2metros-chave como torque m\u00ednimo (ML), torque m\u00e1ximo (MH), tempo de cura (ts1, ts2), tempo de vulcaniza\u00e7\u00e3o positivo (t90), taxa de vulcaniza\u00e7\u00e3o, etc.<\/p><p>Base padr\u00e3o: GB\/T 16584, ISO 6502, ASTM D5289, etc.<\/p><p>Aplica\u00e7\u00e3o: Otimizar formula\u00e7\u00f5es de vulcaniza\u00e7\u00e3o (quantidade de aceleradores, agentes vulcanizantes), determinar o tempo e temperatura ideal de vulcaniza\u00e7\u00e3o, monitorar a estabilidade do processo de vulcaniza\u00e7\u00e3o e garantir grau uniforme de vulcaniza\u00e7\u00e3o dos produtos.<\/p><ol start=\"6\"><li>Avalia\u00e7\u00e3o do desempenho de fric\u00e7\u00e3o e desgaste do material:<\/li><\/ol><p>Equipamento: Testador de fric\u00e7\u00e3o de borracha (como testador de desgaste Akron, testador de desgaste DIN ou pares de fric\u00e7\u00e3o personalizados)<\/p><p>Capacidade: Medir o desempenho de resist\u00eancia ao desgaste (taxa de desgaste volum\u00e9trico, \u00edndice de desgaste) e o coeficiente de fric\u00e7\u00e3o de materiais de borracha em condi\u00e7\u00f5es espec\u00edficas.<\/p><p>Base padr\u00e3o: **GB\/T 1689, ISO 4649 (Akron\/DIN desgaste), ASTM D5963 (m\u00e9todo de tambor rotativo); coeficiente de fric\u00e7\u00e3o baseado em equipamento espec\u00edfico e m\u00e9todo.<\/p><p>Aplica\u00e7\u00e3o: Avaliar a vida \u00fatil de desgaste de veda\u00e7\u00f5es din\u00e2micas (como veda\u00e7\u00f5es de \u00f3leo, an\u00e9is O), otimizar a sele\u00e7\u00e3o de material de l\u00e1bio de veda\u00e7\u00e3o e processo de tratamento de superf\u00edcie e reduzir o consumo de energia por fric\u00e7\u00e3o.<\/p><ol start=\"7\"><li>Simula\u00e7\u00e3o de equil\u00edbrio din\u00e2mico e desempenho de opera\u00e7\u00e3o de componentes rotativos:<\/li><\/ol><p>Equipamento: M\u00e1quina de teste de balanceamento din\u00e2mico de pneus (ou plataforma de teste de componentes rotativos semelhante)<\/p><p>Capacidade: Conduzir detec\u00e7\u00e3o de equil\u00edbrio din\u00e2mico em componentes rotativos equipados com veda\u00e7\u00f5es de borracha (como an\u00e9is de veda\u00e7\u00e3o de pneus, veda\u00e7\u00f5es de l\u00e1bio de eixo rotativo) e simular opera\u00e7\u00e3o em uma certa velocidade de rota\u00e7\u00e3o para avaliar o impacto das veda\u00e7\u00f5es na estabilidade rotacional e seu pr\u00f3prio desempenho em condi\u00e7\u00f5es din\u00e2micas (como aumento de temperatura, detec\u00e7\u00e3o de vazamento).<\/p><p>Aplica\u00e7\u00e3o: Garantir o equil\u00edbrio din\u00e2mico dos componentes de veda\u00e7\u00e3o em equipamentos rotativos de alta velocidade, reduzir vibra\u00e7\u00e3o e ru\u00eddo e verificar preliminarmente a confiabilidade das veda\u00e7\u00f5es em condi\u00e7\u00f5es simuladas.<\/p><ol><li>Vis\u00e3o geral dos par\u00e2metros t\u00e9cnicos de equipamentos-chave (Exemplo) M\u00e1quina de Teste de Tra\u00e7\u00e3o de Borracha: Carga m\u00e1xima \u2265 200kN, precis\u00e3o de grau \u2264 \u00b10.5%, equipada com extens\u00f4metro de alta precis\u00e3o, capaz de conduzir v\u00e1rios testes como alongamento, rasgo, compress\u00e3o e flex\u00e3o.<\/li><\/ol><p>C\u00e2mara de Teste de Envelhecimento de Borracha: Faixa de temperatura RT + 10\u00baC ~ 300\u00baC, flutua\u00e7\u00e3o de temperatura \u2264 \u00b10.5\u00baC, uniformidade de temperatura \u2264 \u00b12\u00baC (@100\u00baC), equipada com sistema padr\u00e3o de circula\u00e7\u00e3o de ar quente conforme os requisitos.<\/p><p>C\u00e2mara de Teste de Baixa Temperatura de Borracha: Faixa de temperatura -70\u00baC ~ RT, flutua\u00e7\u00e3o de temperatura \u2264 \u00b11\u00baC, uniformidade de temperatura \u2264 \u00b12\u00baC (@-40\u00baC), atendendo aos requisitos para testes de baixa temperatura profunda.<\/p><p>Tester de Viscosidade Molini: Cumpre os padr\u00f5es internacionais, precis\u00e3o de controle de temperatura \u00b10.3\u00baC, estabilidade de velocidade do rotor.<\/p><p>M\u00e1quina de Vulcaniza\u00e7\u00e3o de Borracha Sem Rotor: Faixa de temperatura temperatura ambiente ~ 200\u00baC, precis\u00e3o de temperatura \u00b10.1\u00baC, ampla faixa de medi\u00e7\u00e3o de torque, alta resolu\u00e7\u00e3o.<\/p><p>M\u00e1quina de Teste de Fric\u00e7\u00e3o de Borracha: Pode ser configurada com diferentes m\u00e9todos de abras\u00e3o (como Akron, DIN, Taber) ou pares de fric\u00e7\u00e3o (bola-disco, anel-bloco, etc.), com fun\u00e7\u00f5es precisas de controle de carga, velocidade e medi\u00e7\u00e3o de abras\u00e3o.<\/p><p>M\u00e1quina de Teste de Balanceamento de Drive de Trilho: Velocidade m\u00e1xima \u2265 3000 RPM (dependendo do modelo espec\u00edfico), precis\u00e3o de balanceamento at\u00e9 n\u00edvel G0.4 ou superior, equipada com fun\u00e7\u00f5es de monitoramento de vibra\u00e7\u00e3o e velocidade.<\/p><ol><li>Abrangente: Cobre itens de teste de desempenho central para materiais de borracha e veda\u00e7\u00f5es, abrangendo todo o processo desde P&amp;D, entrada de mat\u00e9ria-prima, controle de processo e inspe\u00e7\u00e3o de produtos.<\/li><li>Avan\u00e7ado: Utiliza equipamentos de teste l\u00edderes do setor e tecnologicamente avan\u00e7ados para garantir a precis\u00e3o, confiabilidade e comparabilidade internacional dos dados de teste.<\/li><li>Profissional: Realiza testes em estrita conformidade com padr\u00f5es internacionais (ISO, ASTM), nacionais (GB) e do setor, com procedimentos de teste padronizados e dados rastre\u00e1veis.<\/li><li>Orientado a Aplica\u00e7\u00e3o: Itens de teste est\u00e3o intimamente alinhados com as condi\u00e7\u00f5es de aplica\u00e7\u00e3o real das veda\u00e7\u00f5es (alta temperatura, baixa temperatura, din\u00e2mica, fric\u00e7\u00e3o, envelhecimento, etc.), com dados servindo diretamente para melhoria de desempenho de produto e garantia de qualidade.<\/li><li>Apoio de Dados: Fornece forte suporte de dados experimental para desenvolvimento de novos produtos, otimiza\u00e7\u00e3o de f\u00f3rmulas, melhoria de processos, an\u00e1lise de problemas de qualidade, avalia\u00e7\u00e3o de fornecedores e comunica\u00e7\u00e3o t\u00e9cnica com clientes.<\/li><\/ol><p>Quatro. Vantagens T\u00e9cnicas do Laborat\u00f3rio<\/p><ol><li>Abrangente: Cobre itens de teste de desempenho central para materiais de borracha e veda\u00e7\u00f5es, abrangendo todo o processo desde P&amp;D, entrada de mat\u00e9ria-prima, controle de processo e inspe\u00e7\u00e3o de produtos.<\/li><li>Avan\u00e7ado: Utiliza equipamentos de teste l\u00edderes do setor e tecnologicamente avan\u00e7ados para garantir a precis\u00e3o, confiabilidade e comparabilidade internacional dos dados de teste.<\/li><li>Profissional: Segue rigorosamente padr\u00f5es internacionais (ISO, ASTM), nacionais (GB) e do setor para testes, com procedimentos de teste padronizados e dados rastre\u00e1veis.<\/li><li>Orientado a Aplica\u00e7\u00e3o: Itens de teste est\u00e3o intimamente alinhados com as condi\u00e7\u00f5es de aplica\u00e7\u00e3o real das veda\u00e7\u00f5es (alta temperatura, baixa temperatura, din\u00e2mica, fric\u00e7\u00e3o, envelhecimento, etc.), com dados servindo diretamente para melhoria de desempenho de produto e garantia de qualidade.<\/li><li>Apoio de Dados: Fornece forte suporte de dados experimental para desenvolvimento de novos produtos, otimiza\u00e7\u00e3o de f\u00f3rmulas, melhoria de processos, an\u00e1lise de problemas de qualidade, avalia\u00e7\u00e3o de fornecedores e comunica\u00e7\u00e3o t\u00e9cnica com clientes.<\/li><\/ol><p>Quatro. \u00c1reas de Servi\u00e7o<\/p><p>O Laborat\u00f3rio de Componentes de Veda\u00e7\u00e3o Hengjun n\u00e3o s\u00f3 serve para controle de qualidade interno e inova\u00e7\u00e3o em P&amp;D, como tamb\u00e9m fornece verifica\u00e7\u00e3o de desempenho objetiva por terceiros para clientes, aumentando sua confian\u00e7a na qualidade dos produtos Hengjun. Suas capacidades de teste s\u00e3o amplamente aplicadas a: motores automotivos, transmiss\u00e3o, veda\u00e7\u00e3o de eixo, sistemas de veda\u00e7\u00e3o hidr\u00e1ulica de m\u00e1quinas de engenharia, veda\u00e7\u00e3o de tubula\u00e7\u00f5es de equipamentos petroqu\u00edmicos, veda\u00e7\u00e3o de equipamentos rotativos industriais gerais, equipamentos especiais e campos emergentes com componentes de veda\u00e7\u00e3o de alto desempenho.<\/p><p>Laborat\u00f3rio de Componentes de Veda\u00e7\u00e3o Hengjun Qingdao Co., Ltd., com sua configura\u00e7\u00e3o avan\u00e7ada de equipamentos, capacidades completas de teste, n\u00edvel de teste profissional e sistema de gest\u00e3o de qualidade rigoroso, forma um pilar importante da competitividade central da empresa. \u00c9 a busca de Componentes de Veda\u00e7\u00e3o Hengjun pela excel\u00eancia de qualidade, realiza\u00e7\u00e3o de lideran\u00e7a tecnol\u00f3gica e atendimento aos rigorosos requisitos dos clientes, fornecendo garantias experimentais cient\u00edficas para o compromisso da marca \"Veda\u00e7\u00e3o Hengjiu, Qualidade Junji\".<\/p><p>Nota: Este relat\u00f3rio resume as capacidades do laborat\u00f3rio com base na lista de equipamentos da empresa. Modelos de equipamentos espec\u00edficos, faixas de medi\u00e7\u00e3o precisas e indicadores de precis\u00e3o precisam ser baseados nos arquivos de equipamentos do laborat\u00f3rio. O laborat\u00f3rio se esfor\u00e7a continuamente para melhorar a capacidade e pode desenvolver esquemas de teste personalizados com base em requisitos espec\u00edficos do cliente.<\/p><p>Qingdao Hengjun Sealing Components Co., Ltd.**<\/p><p>Endere\u00e7o: Rua Daxin, Zona de Desenvolvimento Econ\u00f4mico Novo, cidade de Qingdao<\/p><p>Telephone: 18953206626, WhatsApp: 18653206626 http:www.globalrubbersealing.com<\/p>\t\t\t\t\t\t\t\t<\/div>\n\t\t\t\t<\/div>\n\t\t\t\t\t<\/div>\n\t\t\t\t<\/div>\n\t\t\t\t<\/div>","protected":false},"excerpt":{"rendered":"<p>A Island Hengjun Sealing Components Co., Ltd., como uma empresa especializada na pesquisa e fabrica\u00e7\u00e3o de veda\u00e7\u00f5es de borracha de alto desempenho, sabe bem que a qualidade do produto \u00e9 a pedra angular para a sobreviv\u00eancia e desenvolvimento da empresa. Portanto, a empresa tem\u2026<\/p>","protected":false},"author":1,"featured_media":0,"parent":0,"menu_order":0,"comment_status":"closed","ping_status":"closed","template":"","meta":{"_acf_changed":false,"footnotes":""},"class_list":["post-1027","page","type-page","status-publish","hentry"],"acf":[],"_links":{"self":[{"href":"https:\/\/globalrubbersealing.com\/pt\/wp-json\/wp\/v2\/pages\/1027","targetHints":{"allow":["GET"]}}],"collection":[{"href":"https:\/\/globalrubbersealing.com\/pt\/wp-json\/wp\/v2\/pages"}],"about":[{"href":"https:\/\/globalrubbersealing.com\/pt\/wp-json\/wp\/v2\/types\/page"}],"author":[{"embeddable":true,"href":"https:\/\/globalrubbersealing.com\/pt\/wp-json\/wp\/v2\/users\/1"}],"replies":[{"embeddable":true,"href":"https:\/\/globalrubbersealing.com\/pt\/wp-json\/wp\/v2\/comments?post=1027"}],"version-history":[{"count":0,"href":"https:\/\/globalrubbersealing.com\/pt\/wp-json\/wp\/v2\/pages\/1027\/revisions"}],"wp:attachment":[{"href":"https:\/\/globalrubbersealing.com\/pt\/wp-json\/wp\/v2\/media?parent=1027"}],"curies":[{"name":"wp","href":"https:\/\/api.w.org\/{rel}","templated":true}]}}