{"id":747,"date":"2025-06-19T12:41:20","date_gmt":"2025-06-19T04:41:20","guid":{"rendered":"https:\/\/globalrubbersealing.com\/?post_type=product&#038;p=747"},"modified":"2025-06-19T12:41:20","modified_gmt":"2025-06-19T04:41:20","slug":"oil-resistant-and-aging-resistant-engine-hood-gasket","status":"publish","type":"product","link":"https:\/\/globalrubbersealing.com\/fr\/produit\/oil-resistant-and-aging-resistant-engine-hood-gasket\/","title":{"rendered":"Joint de capot de moteur r\u00e9sistant \u00e0 l'huile et au vieillissement"},"content":{"rendered":"<p>Joints, carters d'huile, valves, capteurs\u2026 Votre moteur a beaucoup de pi\u00e8ces et composants, chacun essentiel au fonctionnement s\u00fbr et efficace de votre v\u00e9hicule. Mais qu'est-ce qu'un joint de carter d'huile exactement ? Commen\u00e7ons par le carter d'huile.<\/p>\n<p>En tant que fier propri\u00e9taire de voiture, vous savez que votre moteur a besoin d'huile. Le carter d'huile est un r\u00e9servoir pour cette huile alors qu'elle circule dans le moteur et tous ses composants en mouvement, les lubrifiant et les refroidissant. Il est fix\u00e9 au moteur et situ\u00e9 dans la partie inf\u00e9rieure du bloc moteur. Pour \u00e9viter les fuites, le joint de carter d'huile scelle le carter au bloc moteur, agissant aussi comme un amortisseur pour \u00e9viter les dommages qui pourraient autrement survenir en raison des vibrations du moteur.<\/p>\n<p><strong><b>Types de joints<\/b><\/strong><\/p>\n<p>Les joints de carter d'huile sont construits pour r\u00e9sister \u00e0 des quantit\u00e9s importantes de chaleur et de pression. Ils sont fabriqu\u00e9s \u00e0 partir de mat\u00e9riaux durables, tels que l'acier, avec un joint aluminis\u00e9 recouvert de caoutchouc.<\/p>\n<p>Diff\u00e9rentes voitures peuvent avoir diff\u00e9rents carters d'huile et donc diff\u00e9rents joints. Par exemple, un carter en aluminium aura un joint en silicone liquide tandis qu'un carter en acier press\u00e9 utilisera un joint compos\u00e9 de caoutchouc form\u00e9. Le caoutchouc et le silicone sont tous deux flexibles, ce qui en fait des mat\u00e9riaux adapt\u00e9s pour les joints car ils doivent pouvoir se dilater et se contracter avec la chaleur.<\/p>\n<p><strong><b>Fuites de joint de carter d'huile<\/b><\/strong><\/p>\n<p>Avec le temps, les pi\u00e8ces en caoutchouc s'usent lorsqu'elles se dess\u00e8chent et commencent \u00e0 se fissurer. Cela signifie qu'apr\u00e8s tant d'ann\u00e9es, elles risquent de faillir, ce qui provoque une fuite d'huile qui doit \u00eatre r\u00e9par\u00e9e d\u00e8s que possible. Voici quelques signes courants de fuite d'huile \u00e0 surveiller :<\/p>\n<ul>\n<li><b><\/b><strong><b>Niveau d'huile bas<\/b><\/strong><\/li>\n<li><b><\/b><strong><b>Taches d'huile sous la voiture<\/b><\/strong><\/li>\n<li><b><\/b><strong><b>Surchauffe<\/b><\/strong><\/li>\n<li><b><\/b><strong><b>Fum\u00e9e noire (sous le capot)<\/b><\/strong><\/li>\n<\/ul>\n<p>Faire fonctionner votre voiture avec un niveau d'huile bas peut causer des dommages graves au moteur de votre voiture et \u00e0 ses composants, il est donc important de faire r\u00e9parer les fuites d'huile d\u00e8s que possible. Si vous avez besoin de joints de carter d'huile, n'h\u00e9sitez pas \u00e0 contacter notre entreprise pour consultation !<\/p>","protected":false},"excerpt":{"rendered":"<p>Joints, carters d'huile, valves, capteurs\u2026 Votre moteur comporte de nombreuses pi\u00e8ces et composants, chacun essentiel au fonctionnement s\u00fbr et efficace de votre v\u00e9hicule. Mais qu'est-ce qu'un joint de carter d'huile exactement ? Commen\u00e7ons par le carter d'huile. Comme \u2026<\/p>","protected":false},"featured_media":774,"comment_status":"open","ping_status":"closed","template":"","meta":{"_acf_changed":false},"product_brand":[],"product_cat":[46],"product_tag":[],"class_list":{"0":"post-747","1":"product","2":"type-product","3":"status-publish","4":"has-post-thumbnail","6":"product_cat-neoprene-rubber-cylinder-gasket","8":"first","9":"instock","10":"shipping-taxable","11":"product-type-simple"},"acf":[],"_links":{"self":[{"href":"https:\/\/globalrubbersealing.com\/fr\/wp-json\/wp\/v2\/product\/747","targetHints":{"allow":["GET"]}}],"collection":[{"href":"https:\/\/globalrubbersealing.com\/fr\/wp-json\/wp\/v2\/product"}],"about":[{"href":"https:\/\/globalrubbersealing.com\/fr\/wp-json\/wp\/v2\/types\/product"}],"replies":[{"embeddable":true,"href":"https:\/\/globalrubbersealing.com\/fr\/wp-json\/wp\/v2\/comments?post=747"}],"wp:featuredmedia":[{"embeddable":true,"href":"https:\/\/globalrubbersealing.com\/fr\/wp-json\/wp\/v2\/media\/774"}],"wp:attachment":[{"href":"https:\/\/globalrubbersealing.com\/fr\/wp-json\/wp\/v2\/media?parent=747"}],"wp:term":[{"taxonomy":"product_brand","embeddable":true,"href":"https:\/\/globalrubbersealing.com\/fr\/wp-json\/wp\/v2\/product_brand?post=747"},{"taxonomy":"product_cat","embeddable":true,"href":"https:\/\/globalrubbersealing.com\/fr\/wp-json\/wp\/v2\/product_cat?post=747"},{"taxonomy":"product_tag","embeddable":true,"href":"https:\/\/globalrubbersealing.com\/fr\/wp-json\/wp\/v2\/product_tag?post=747"}],"curies":[{"name":"wp","href":"https:\/\/api.w.org\/{rel}","templated":true}]}}