{"id":715,"date":"2025-06-16T21:20:39","date_gmt":"2025-06-16T13:20:39","guid":{"rendered":"https:\/\/globalrubbersealing.com\/?post_type=product&#038;p=715"},"modified":"2025-06-16T21:20:39","modified_gmt":"2025-06-16T13:20:39","slug":"engine-oil-pan-gasket","status":"publish","type":"product","link":"https:\/\/globalrubbersealing.com\/fr\/produit\/engine-oil-pan-gasket\/","title":{"rendered":"Joint de carter d'huile du moteur"},"content":{"rendered":"<p>The oil pan gasket produced by Qingdao Hengjun Sealing Components Co., Ltd. is manufactured according to the standards of global original equipment manufacturers, which can avoid rework situations. It can provide a sealing effect and prevent oil droplets from falling onto the road. The engineers of Qingdao Hengjun Sealing Components Co., Ltd. will select the best design and materials based on specific applications. In recent years, the complexity of the structure and function of the oil pan gasket has greatly increased. The gasket is often an important part of the measures taken by manufacturers to control engine noise, vibration and roughness (NVH). Only companies with innovative gasket technology can provide suitable gaskets for every application, whether it is a new application or an old one.<\/p>","protected":false},"excerpt":{"rendered":"<p>Le joint de carter d'huile produit par Qingdao Hengjun Sealing Components Co., Ltd. est fabriqu\u00e9 selon les normes des fabricants d'\u00e9quipements d'origine mondiaux, ce qui peut \u00e9viter les situations de retouche. Il peut fournir un effet de scellement et emp\u00eacher les gouttes d'huile de tomber \u2026<\/p>","protected":false},"featured_media":716,"comment_status":"open","ping_status":"closed","template":"","meta":{"_acf_changed":false},"product_brand":[],"product_cat":[41],"product_tag":[],"class_list":{"0":"post-715","1":"product","2":"type-product","3":"status-publish","4":"has-post-thumbnail","6":"product_cat-oil-pan-gasket","8":"first","9":"instock","10":"shipping-taxable","11":"product-type-simple"},"acf":[],"_links":{"self":[{"href":"https:\/\/globalrubbersealing.com\/fr\/wp-json\/wp\/v2\/product\/715","targetHints":{"allow":["GET"]}}],"collection":[{"href":"https:\/\/globalrubbersealing.com\/fr\/wp-json\/wp\/v2\/product"}],"about":[{"href":"https:\/\/globalrubbersealing.com\/fr\/wp-json\/wp\/v2\/types\/product"}],"replies":[{"embeddable":true,"href":"https:\/\/globalrubbersealing.com\/fr\/wp-json\/wp\/v2\/comments?post=715"}],"wp:featuredmedia":[{"embeddable":true,"href":"https:\/\/globalrubbersealing.com\/fr\/wp-json\/wp\/v2\/media\/716"}],"wp:attachment":[{"href":"https:\/\/globalrubbersealing.com\/fr\/wp-json\/wp\/v2\/media?parent=715"}],"wp:term":[{"taxonomy":"product_brand","embeddable":true,"href":"https:\/\/globalrubbersealing.com\/fr\/wp-json\/wp\/v2\/product_brand?post=715"},{"taxonomy":"product_cat","embeddable":true,"href":"https:\/\/globalrubbersealing.com\/fr\/wp-json\/wp\/v2\/product_cat?post=715"},{"taxonomy":"product_tag","embeddable":true,"href":"https:\/\/globalrubbersealing.com\/fr\/wp-json\/wp\/v2\/product_tag?post=715"}],"curies":[{"name":"wp","href":"https:\/\/api.w.org\/{rel}","templated":true}]}}