{"id":2,"date":"2025-04-21T09:32:37","date_gmt":"2025-04-21T01:32:37","guid":{"rendered":"https:\/\/globalrubbersealing.com\/?page_id=2"},"modified":"2025-04-21T09:32:37","modified_gmt":"2025-04-21T01:32:37","slug":"sample-page","status":"publish","type":"page","link":"https:\/\/globalrubbersealing.com\/fr\/sample-page\/","title":{"rendered":"Page d'exemple"},"content":{"rendered":"<p>Ceci est une page d'exemple. Les pages sont diff\u00e9rentes des articles de blog, elles ont un emplacement fixe et sont souvent affich\u00e9es dans la barre de navigation du site. Beaucoup d'utilisateurs cr\u00e9ent une page \"\u00c0 propos\" pour se pr\u00e9senter aux visiteurs. Par exemple :<\/p>\n\n\n\n<blockquote class=\"wp-block-quote is-layout-flow wp-block-quote-is-layout-flow\"><p>Bonjour tout le monde ! Pendant la journ\u00e9e, je suis livreur, et le soir, je suis un magicien engag\u00e9. Voici mon site web. J'habite \u00e0 P\u00e9kin et j'ai un petit chien nomm\u00e9 Erha. J'aime boire du Coca et promener mon chien.<\/p><\/blockquote>\n\n\n\n<p>...ou cela :<\/p>\n\n\n\n<blockquote class=\"wp-block-quote is-layout-flow wp-block-quote-is-layout-flow\"><p>La soci\u00e9t\u00e9 XYZ Doohickey a \u00e9t\u00e9 fond\u00e9e en 1971, et depuis sa cr\u00e9ation, nous contribuons constamment \u00e0 la soci\u00e9t\u00e9 avec d'excellents doohickies. Le si\u00e8ge social de notre soci\u00e9t\u00e9 est situ\u00e9 dans la capitale magique de l'Empire du Milieu, avec plus de deux mille employ\u00e9s, ce qui constitue une grande contribution aux imp\u00f4ts du gouvernement de la capitale magique.<\/p><\/blockquote>\n\n\n\n<p>En tant que nouvel utilisateur de WordPress, nous vous recommandons de vous rendre \u00e0<a href=\"https:\/\/globalrubbersealing.com\/wp-admin\/\">le tableau de bord de votre site<\/a>et de supprimer cette page, afin de cr\u00e9er une nouvelle page contenant votre propre contenu. Profitez de votre utilisation !<\/p>","protected":false},"excerpt":{"rendered":"<p>Ceci est une page mod\u00e8le. Contrairement aux articles de blog, la position de cette page est fixe, elle s'affiche g\u00e9n\u00e9ralement dans le menu de navigation du site. De nombreux utilisateurs cr\u00e9ent une page \u00ab \u00c0 propos \u00bb pour se pr\u00e9senter aux visiteurs. Par exemple : Bonjour tout le monde ! Durant la journ\u00e9e, je suis un coursier et le soir, je suis un magicien avec une grande responsabilit\u00e9. Ceci est mon site web. J\u2019habite \u00e0 P\u00e9kin avec un chien nomm\u00e9 Erha. J'aime boire du coca et promener mon chien pendant mon temps libre. Ou celui-ci : XYZ Doohickey a \u00e9t\u00e9 fond\u00e9e en 1971, et depuis sa cr\u00e9ation, nous contribuons \u00e0 la soci\u00e9t\u00e9 avec d'excellents doohickeys. Notre si\u00e8ge est situ\u00e9 dans l'empire magique, avec plus de deux mille employ\u00e9s, nous contribuons de mani\u00e8re significative aux recettes fiscales de l'empire magique. Et vous, en tant que nouvel utilisateur de WordPress, nous vous recommandons de vous rendre sur le tableau de bord de votre site, de supprimer cette page, puis de cr\u00e9er une nouvelle page avec votre propre contenu. Bon usage !<\/p>","protected":false},"author":1,"featured_media":0,"parent":0,"menu_order":0,"comment_status":"closed","ping_status":"open","template":"","meta":{"_acf_changed":false,"footnotes":""},"class_list":["post-2","page","type-page","status-publish","hentry"],"acf":[],"_links":{"self":[{"href":"https:\/\/globalrubbersealing.com\/fr\/wp-json\/wp\/v2\/pages\/2","targetHints":{"allow":["GET"]}}],"collection":[{"href":"https:\/\/globalrubbersealing.com\/fr\/wp-json\/wp\/v2\/pages"}],"about":[{"href":"https:\/\/globalrubbersealing.com\/fr\/wp-json\/wp\/v2\/types\/page"}],"author":[{"embeddable":true,"href":"https:\/\/globalrubbersealing.com\/fr\/wp-json\/wp\/v2\/users\/1"}],"replies":[{"embeddable":true,"href":"https:\/\/globalrubbersealing.com\/fr\/wp-json\/wp\/v2\/comments?post=2"}],"version-history":[{"count":0,"href":"https:\/\/globalrubbersealing.com\/fr\/wp-json\/wp\/v2\/pages\/2\/revisions"}],"wp:attachment":[{"href":"https:\/\/globalrubbersealing.com\/fr\/wp-json\/wp\/v2\/media?parent=2"}],"curies":[{"name":"wp","href":"https:\/\/api.w.org\/{rel}","templated":true}]}}