{"id":135,"date":"2020-03-16T13:17:51","date_gmt":"2020-03-16T13:17:51","guid":{"rendered":"http:\/\/localhost\/epb_industrial_demos\/2\/?page_id=135"},"modified":"2020-03-16T13:17:51","modified_gmt":"2020-03-16T13:17:51","slug":"tabs","status":"publish","type":"page","link":"https:\/\/globalrubbersealing.com\/fr\/tabs\/","title":{"rendered":"Onglets"},"content":{"rendered":"<div data-elementor-type=\"wp-page\" data-elementor-id=\"135\" class=\"elementor elementor-135\" data-elementor-post-type=\"page\">\n\t\t\t\t\t\t<section class=\"elementor-section elementor-top-section elementor-element elementor-element-0573f60 elementor-section-boxed elementor-section-height-default elementor-section-height-default\" data-id=\"0573f60\" data-element_type=\"section\" data-settings=\"{&quot;jet_parallax_layout_list&quot;:[]}\">\n\t\t\t\t\t\t<div class=\"elementor-container elementor-column-gap-default\">\n\t\t\t\t\t<div class=\"elementor-column elementor-col-100 elementor-top-column elementor-element elementor-element-a50670a\" data-id=\"a50670a\" data-element_type=\"column\">\n\t\t\t<div class=\"elementor-widget-wrap elementor-element-populated\">\n\t\t\t\t\t\t<div class=\"elementor-element elementor-element-6554518 elementor-widget elementor-widget-heading\" data-id=\"6554518\" data-element_type=\"widget\" data-widget_type=\"heading.default\">\n\t\t\t\t<div class=\"elementor-widget-container\">\n\t\t\t\t\t<h3 class='heading-left  style-1'  style=\"color:#000000\"><span>EXEMPLES D'ONGLETS<\/span><\/h3>\t\t\t\t<\/div>\n\t\t\t\t<\/div>\n\t\t\t\t\t<\/div>\n\t\t<\/div>\n\t\t\t\t\t<\/div>\n\t\t<\/section>\n\t\t\t\t<section class=\"elementor-section elementor-top-section elementor-element elementor-element-3c53958 elementor-section-boxed elementor-section-height-default elementor-section-height-default\" data-id=\"3c53958\" data-element_type=\"section\" data-settings=\"{&quot;jet_parallax_layout_list&quot;:[]}\">\n\t\t\t\t\t\t<div class=\"elementor-container elementor-column-gap-default\">\n\t\t\t\t\t<div class=\"elementor-column elementor-col-100 elementor-top-column elementor-element elementor-element-77b2f26\" data-id=\"77b2f26\" data-element_type=\"column\">\n\t\t\t<div class=\"elementor-widget-wrap elementor-element-populated\">\n\t\t\t\t\t\t<div class=\"elementor-element elementor-element-60b13a5 elementor-tabs-view-horizontal elementor-widget elementor-widget-tabs\" data-id=\"60b13a5\" data-element_type=\"widget\" data-widget_type=\"tabs.default\">\n\t\t\t\t<div class=\"elementor-widget-container\">\n\t\t\t\t\t\t\t<div class=\"elementor-tabs\">\n\t\t\t<div class=\"elementor-tabs-wrapper\" role=\"tablist\" >\n\t\t\t\t\t\t\t\t\t<div id=\"elementor-tab-title-1011\" class=\"elementor-tab-title elementor-tab-desktop-title\" aria-selected=\"true\" data-tab=\"1\" role=\"tab\" tabindex=\"0\" aria-controls=\"elementor-tab-content-1011\" aria-expanded=\"false\">ONGLET PRINCIPAL<\/div>\n\t\t\t\t\t\t\t\t\t<div id=\"elementor-tab-title-1012\" class=\"elementor-tab-title elementor-tab-desktop-title\" aria-selected=\"false\" data-tab=\"2\" role=\"tab\" tabindex=\"-1\" aria-controls=\"elementor-tab-content-1012\" aria-expanded=\"false\">DEUXI\u00c8ME ONGLET<\/div>\n\t\t\t\t\t\t\t\t\t<div id=\"elementor-tab-title-1013\" class=\"elementor-tab-title elementor-tab-desktop-title\" aria-selected=\"false\" data-tab=\"3\" role=\"tab\" tabindex=\"-1\" aria-controls=\"elementor-tab-content-1013\" aria-expanded=\"false\">TROISI\u00c8ME ONGLET<\/div>\n\t\t\t\t\t\t\t\t\t<div id=\"elementor-tab-title-1014\" class=\"elementor-tab-title elementor-tab-desktop-title\" aria-selected=\"false\" data-tab=\"4\" role=\"tab\" tabindex=\"-1\" aria-controls=\"elementor-tab-content-1014\" aria-expanded=\"false\">QUATRI\u00c8ME ONGLET<\/div>\n\t\t\t\t\t\t\t\t\t<div id=\"elementor-tab-title-1015\" class=\"elementor-tab-title elementor-tab-desktop-title\" aria-selected=\"false\" data-tab=\"5\" role=\"tab\" tabindex=\"-1\" aria-controls=\"elementor-tab-content-1015\" aria-expanded=\"false\">CINQUI\u00c8ME ONGLET<\/div>\n\t\t\t\t\t\t\t\t\t<div id=\"elementor-tab-title-1016\" class=\"elementor-tab-title elementor-tab-desktop-title\" aria-selected=\"false\" data-tab=\"6\" role=\"tab\" tabindex=\"-1\" aria-controls=\"elementor-tab-content-1016\" aria-expanded=\"false\">SIXI\u00c8ME ONGLET<\/div>\n\t\t\t\t\t\t\t<\/div>\n\t\t\t<div class=\"elementor-tabs-content-wrapper\" role=\"tablist\" aria-orientation=\"vertical\">\n\t\t\t\t\t\t\t\t\t<div class=\"elementor-tab-title elementor-tab-mobile-title\" aria-selected=\"true\" data-tab=\"1\" role=\"tab\" tabindex=\"0\" aria-controls=\"elementor-tab-content-1011\" aria-expanded=\"false\">ONGLET PRINCIPAL<\/div>\n\t\t\t\t\t<div id=\"elementor-tab-content-1011\" class=\"elementor-tab-content elementor-clearfix\" data-tab=\"1\" role=\"tabpanel\" aria-labelledby=\"elementor-tab-title-1011\" tabindex=\"0\" hidden=\"false\"><h5>TITRE POUR LES ONGLETS<\/h5><p>Quisque et lectus pulvinar, porttitor mi non, elementum dui. Morbi mi nisl, tincidunt sed venenatis eget, finibus eu mauris. Nullam nisi lacus, feugiat eget varius eget, pellentesque dictum odio. Sed sollicitudin viverra est, at aliquam metus ultrices id. Duis eu purus vel nisl commodo facilisis vitae ut lectus.<\/p><p>Sed elementum dapibus tellus, a dictum metus interdum ac. Nullam condimentum, dui volutpat fringilla molestie, libero tortor ultrices lorem, at tempus diam purus non velit. Aliquam vel nulla eleifend, consequat elit id, tristique massa. Fusce dolor velit, blandit ac erat ac, vestibulum ornare diam.<\/p><p>\u00a0<\/p><p>Curabitur maximus feugiat velit, sed dapibus sem auctor quis. Maecenas turpis purus, tincidunt eget mattis ac, placerat sit amet dolor. Aenean vel porttitor libero, nec tempor magna. Mauris sed ex at tellus elementum tempus dignissim ac est.<\/p><\/div>\n\t\t\t\t\t\t\t\t\t<div class=\"elementor-tab-title elementor-tab-mobile-title\" aria-selected=\"false\" data-tab=\"2\" role=\"tab\" tabindex=\"-1\" aria-controls=\"elementor-tab-content-1012\" aria-expanded=\"false\">DEUXI\u00c8ME ONGLET<\/div>\n\t\t\t\t\t<div id=\"elementor-tab-content-1012\" class=\"elementor-tab-content elementor-clearfix\" data-tab=\"2\" role=\"tabpanel\" aria-labelledby=\"elementor-tab-title-1012\" tabindex=\"0\" hidden=\"hidden\"><h5>DEUXI\u00c8ME\u00a0ONGLET<\/h5><p>Quisque et lectus pulvinar, porttitor mi non, elementum dui. Morbi mi nisl, tincidunt sed venenatis eget, finibus eu mauris. Nullam nisi lacus, feugiat eget varius eget, pellentesque dictum odio. Sed sollicitudin viverra est, at aliquam metus ultrices id. Duis eu purus vel nisl commodo facilisis vitae ut lectus.<\/p><p>Sed elementum dapibus tellus, a dictum metus interdum ac. Nullam condimentum, dui volutpat fringilla molestie, libero tortor ultrices lorem, at tempus diam purus non velit. Aliquam vel nulla eleifend, consequat elit id, tristique massa. Fusce dolor velit, blandit ac erat ac, vestibulum ornare diam.<\/p><p>Curabitur maximus feugiat velit, sed dapibus sem auctor quis. Maecenas turpis purus, tincidunt eget mattis ac, placerat sit amet dolor. Aenean vel porttitor libero, nec tempor magna. Mauris sed ex at tellus elementum tempus dignissim ac est.<\/p><\/div>\n\t\t\t\t\t\t\t\t\t<div class=\"elementor-tab-title elementor-tab-mobile-title\" aria-selected=\"false\" data-tab=\"3\" role=\"tab\" tabindex=\"-1\" aria-controls=\"elementor-tab-content-1013\" aria-expanded=\"false\">TROISI\u00c8ME ONGLET<\/div>\n\t\t\t\t\t<div id=\"elementor-tab-content-1013\" class=\"elementor-tab-content elementor-clearfix\" data-tab=\"3\" role=\"tabpanel\" aria-labelledby=\"elementor-tab-title-1013\" tabindex=\"0\" hidden=\"hidden\"><h5>TROISI\u00c8ME\u00a0ONGLET<\/h5><p>Quisque et lectus pulvinar, porttitor mi non, elementum dui. Morbi mi nisl, tincidunt sed venenatis eget, finibus eu mauris. Nullam nisi lacus, feugiat eget varius eget, pellentesque dictum odio. Sed sollicitudin viverra est, at aliquam metus ultrices id. Duis eu purus vel nisl commodo facilisis vitae ut lectus.<\/p><p>Sed elementum dapibus tellus, a dictum metus interdum ac. Nullam condimentum, dui volutpat fringilla molestie, libero tortor ultrices lorem, at tempus diam purus non velit. Aliquam vel nulla eleifend, consequat elit id, tristique massa. Fusce dolor velit, blandit ac erat ac, vestibulum ornare diam.<\/p><p>Curabitur maximus feugiat velit, sed dapibus sem auctor quis. Maecenas turpis purus, tincidunt eget mattis ac, placerat sit amet dolor. Aenean vel porttitor libero, nec tempor magna. Mauris sed ex at tellus elementum tempus dignissim ac est.<\/p><\/div>\n\t\t\t\t\t\t\t\t\t<div class=\"elementor-tab-title elementor-tab-mobile-title\" aria-selected=\"false\" data-tab=\"4\" role=\"tab\" tabindex=\"-1\" aria-controls=\"elementor-tab-content-1014\" aria-expanded=\"false\">QUATRI\u00c8ME ONGLET<\/div>\n\t\t\t\t\t<div id=\"elementor-tab-content-1014\" class=\"elementor-tab-content elementor-clearfix\" data-tab=\"4\" role=\"tabpanel\" aria-labelledby=\"elementor-tab-title-1014\" tabindex=\"0\" hidden=\"hidden\"><h5>QUATRI\u00c8ME\u00a0ONGLET<\/h5><p>Quisque et lectus pulvinar, porttitor mi non, elementum dui. Morbi mi nisl, tincidunt sed venenatis eget, finibus eu mauris. Nullam nisi lacus, feugiat eget varius eget, pellentesque dictum odio. Sed sollicitudin viverra est, at aliquam metus ultrices id. Duis eu purus vel nisl commodo facilisis vitae ut lectus.<\/p><p>Sed elementum dapibus tellus, a dictum metus interdum ac. Nullam condimentum, dui volutpat fringilla molestie, libero tortor ultrices lorem, at tempus diam purus non velit. Aliquam vel nulla eleifend, consequat elit id, tristique massa. Fusce dolor velit, blandit ac erat ac, vestibulum ornare diam.<\/p><p>Curabitur maximus feugiat velit, sed dapibus sem auctor quis. Maecenas turpis purus, tincidunt eget mattis ac, placerat sit amet dolor. Aenean vel porttitor libero, nec tempor magna. Mauris sed ex at tellus elementum tempus dignissim ac est.<\/p><\/div>\n\t\t\t\t\t\t\t\t\t<div class=\"elementor-tab-title elementor-tab-mobile-title\" aria-selected=\"false\" data-tab=\"5\" role=\"tab\" tabindex=\"-1\" aria-controls=\"elementor-tab-content-1015\" aria-expanded=\"false\">CINQUI\u00c8ME ONGLET<\/div>\n\t\t\t\t\t<div id=\"elementor-tab-content-1015\" class=\"elementor-tab-content elementor-clearfix\" data-tab=\"5\" role=\"tabpanel\" aria-labelledby=\"elementor-tab-title-1015\" tabindex=\"0\" hidden=\"hidden\"><h5>CINQUI\u00c8ME\u00a0ONGLET<\/h5><p>Quisque et lectus pulvinar, porttitor mi non, elementum dui. Morbi mi nisl, tincidunt sed venenatis eget, finibus eu mauris. Nullam nisi lacus, feugiat eget varius eget, pellentesque dictum odio. Sed sollicitudin viverra est, at aliquam metus ultrices id. Duis eu purus vel nisl commodo facilisis vitae ut lectus.<\/p><p>Sed elementum dapibus tellus, a dictum metus interdum ac. Nullam condimentum, dui volutpat fringilla molestie, libero tortor ultrices lorem, at tempus diam purus non velit. Aliquam vel nulla eleifend, consequat elit id, tristique massa. Fusce dolor velit, blandit ac erat ac, vestibulum ornare diam.<\/p><p>Curabitur maximus feugiat velit, sed dapibus sem auctor quis. Maecenas turpis purus, tincidunt eget mattis ac, placerat sit amet dolor. Aenean vel porttitor libero, nec tempor magna. Mauris sed ex at tellus elementum tempus dignissim ac est.<\/p><\/div>\n\t\t\t\t\t\t\t\t\t<div class=\"elementor-tab-title elementor-tab-mobile-title\" aria-selected=\"false\" data-tab=\"6\" role=\"tab\" tabindex=\"-1\" aria-controls=\"elementor-tab-content-1016\" aria-expanded=\"false\">SIXI\u00c8ME ONGLET<\/div>\n\t\t\t\t\t<div id=\"elementor-tab-content-1016\" class=\"elementor-tab-content elementor-clearfix\" data-tab=\"6\" role=\"tabpanel\" aria-labelledby=\"elementor-tab-title-1016\" tabindex=\"0\" hidden=\"hidden\"><h5>SIXI\u00c8ME\u00a0ONGLET<\/h5><p>Quisque et lectus pulvinar, porttitor mi non, elementum dui. Morbi mi nisl, tincidunt sed venenatis eget, finibus eu mauris. Nullam nisi lacus, feugiat eget varius eget, pellentesque dictum odio. Sed sollicitudin viverra est, at aliquam metus ultrices id. Duis eu purus vel nisl commodo facilisis vitae ut lectus.<\/p><p>Sed elementum dapibus tellus, a dictum metus interdum ac. Nullam condimentum, dui volutpat fringilla molestie, libero tortor ultrices lorem, at tempus diam purus non velit. Aliquam vel nulla eleifend, consequat elit id, tristique massa. Fusce dolor velit, blandit ac erat ac, vestibulum ornare diam.<\/p><p>Curabitur maximus feugiat velit, sed dapibus sem auctor quis. Maecenas turpis purus, tincidunt eget mattis ac, placerat sit amet dolor. Aenean vel porttitor libero, nec tempor magna. Mauris sed ex at tellus elementum tempus dignissim ac est.<\/p><\/div>\n\t\t\t\t\t\t\t<\/div>\n\t\t<\/div>\n\t\t\t\t\t\t<\/div>\n\t\t\t\t<\/div>\n\t\t\t\t\t<\/div>\n\t\t<\/div>\n\t\t\t\t\t<\/div>\n\t\t<\/section>\n\t\t\t\t<section class=\"elementor-section elementor-top-section elementor-element elementor-element-005981c elementor-section-boxed elementor-section-height-default elementor-section-height-default\" data-id=\"005981c\" data-element_type=\"section\" data-settings=\"{&quot;jet_parallax_layout_list&quot;:[]}\">\n\t\t\t\t\t\t<div class=\"elementor-container elementor-column-gap-default\">\n\t\t\t\t\t<div class=\"elementor-column elementor-col-100 elementor-top-column elementor-element elementor-element-9abeebc\" data-id=\"9abeebc\" data-element_type=\"column\">\n\t\t\t<div class=\"elementor-widget-wrap elementor-element-populated\">\n\t\t\t\t\t\t<div class=\"elementor-element elementor-element-8c2949b elementor-tabs-view-vertical elementor-widget elementor-widget-tabs\" data-id=\"8c2949b\" data-element_type=\"widget\" data-widget_type=\"tabs.default\">\n\t\t\t\t<div class=\"elementor-widget-container\">\n\t\t\t\t\t\t\t<div class=\"elementor-tabs\">\n\t\t\t<div class=\"elementor-tabs-wrapper\" role=\"tablist\" >\n\t\t\t\t\t\t\t\t\t<div id=\"elementor-tab-title-1461\" class=\"elementor-tab-title elementor-tab-desktop-title\" aria-selected=\"true\" data-tab=\"1\" role=\"tab\" tabindex=\"0\" aria-controls=\"elementor-tab-content-1461\" aria-expanded=\"false\">ONGLET PRINCIPAL<\/div>\n\t\t\t\t\t\t\t\t\t<div id=\"elementor-tab-title-1462\" class=\"elementor-tab-title elementor-tab-desktop-title\" aria-selected=\"false\" data-tab=\"2\" role=\"tab\" tabindex=\"-1\" aria-controls=\"elementor-tab-content-1462\" aria-expanded=\"false\">DEUXI\u00c8ME ONGLET<\/div>\n\t\t\t\t\t\t\t\t\t<div id=\"elementor-tab-title-1463\" class=\"elementor-tab-title elementor-tab-desktop-title\" aria-selected=\"false\" data-tab=\"3\" role=\"tab\" tabindex=\"-1\" aria-controls=\"elementor-tab-content-1463\" aria-expanded=\"false\">TROISI\u00c8ME ONGLET<\/div>\n\t\t\t\t\t\t\t\t\t<div id=\"elementor-tab-title-1464\" class=\"elementor-tab-title elementor-tab-desktop-title\" aria-selected=\"false\" data-tab=\"4\" role=\"tab\" tabindex=\"-1\" aria-controls=\"elementor-tab-content-1464\" aria-expanded=\"false\">QUATRI\u00c8ME ONGLET<\/div>\n\t\t\t\t\t\t\t\t\t<div id=\"elementor-tab-title-1465\" class=\"elementor-tab-title elementor-tab-desktop-title\" aria-selected=\"false\" data-tab=\"5\" role=\"tab\" tabindex=\"-1\" aria-controls=\"elementor-tab-content-1465\" aria-expanded=\"false\">CINQUI\u00c8ME ONGLET<\/div>\n\t\t\t\t\t\t\t\t\t<div id=\"elementor-tab-title-1466\" class=\"elementor-tab-title elementor-tab-desktop-title\" aria-selected=\"false\" data-tab=\"6\" role=\"tab\" tabindex=\"-1\" aria-controls=\"elementor-tab-content-1466\" aria-expanded=\"false\">SIXI\u00c8ME ONGLET<\/div>\n\t\t\t\t\t\t\t<\/div>\n\t\t\t<div class=\"elementor-tabs-content-wrapper\" role=\"tablist\" aria-orientation=\"vertical\">\n\t\t\t\t\t\t\t\t\t<div class=\"elementor-tab-title elementor-tab-mobile-title\" aria-selected=\"true\" data-tab=\"1\" role=\"tab\" tabindex=\"0\" aria-controls=\"elementor-tab-content-1461\" aria-expanded=\"false\">ONGLET PRINCIPAL<\/div>\n\t\t\t\t\t<div id=\"elementor-tab-content-1461\" class=\"elementor-tab-content elementor-clearfix\" data-tab=\"1\" role=\"tabpanel\" aria-labelledby=\"elementor-tab-title-1461\" tabindex=\"0\" hidden=\"false\"><h5>TITRE POUR LES ONGLETS<\/h5><p>Quisque et lectus pulvinar, porttitor mi non, elementum dui. Morbi mi nisl, tincidunt sed venenatis eget, finibus eu mauris. Nullam nisi lacus, feugiat eget varius eget, pellentesque dictum odio. Sed sollicitudin viverra est, at aliquam metus ultrices id. Duis eu purus vel nisl commodo facilisis vitae ut lectus.<\/p><p>Sed elementum dapibus tellus, a dictum metus interdum ac. Nullam condimentum, dui volutpat fringilla molestie, libero tortor ultrices lorem, at tempus diam purus non velit. Aliquam vel nulla eleifend, consequat elit id, tristique massa. Fusce dolor velit, blandit ac erat ac, vestibulum ornare diam.<\/p><p>\u00a0<\/p><p>Curabitur maximus feugiat velit, sed dapibus sem auctor quis. Maecenas turpis purus, tincidunt eget mattis ac, placerat sit amet dolor. Aenean vel porttitor libero, nec tempor magna. Mauris sed ex at tellus elementum tempus dignissim ac est.<\/p><\/div>\n\t\t\t\t\t\t\t\t\t<div class=\"elementor-tab-title elementor-tab-mobile-title\" aria-selected=\"false\" data-tab=\"2\" role=\"tab\" tabindex=\"-1\" aria-controls=\"elementor-tab-content-1462\" aria-expanded=\"false\">DEUXI\u00c8ME ONGLET<\/div>\n\t\t\t\t\t<div id=\"elementor-tab-content-1462\" class=\"elementor-tab-content elementor-clearfix\" data-tab=\"2\" role=\"tabpanel\" aria-labelledby=\"elementor-tab-title-1462\" tabindex=\"0\" hidden=\"hidden\"><h5>DEUXI\u00c8ME\u00a0ONGLET<\/h5><p>Quisque et lectus pulvinar, porttitor mi non, elementum dui. Morbi mi nisl, tincidunt sed venenatis eget, finibus eu mauris. Nullam nisi lacus, feugiat eget varius eget, pellentesque dictum odio. Sed sollicitudin viverra est, at aliquam metus ultrices id. Duis eu purus vel nisl commodo facilisis vitae ut lectus.<\/p><p>Sed elementum dapibus tellus, a dictum metus interdum ac. Nullam condimentum, dui volutpat fringilla molestie, libero tortor ultrices lorem, at tempus diam purus non velit. Aliquam vel nulla eleifend, consequat elit id, tristique massa. Fusce dolor velit, blandit ac erat ac, vestibulum ornare diam.<\/p><p>Curabitur maximus feugiat velit, sed dapibus sem auctor quis. Maecenas turpis purus, tincidunt eget mattis ac, placerat sit amet dolor. Aenean vel porttitor libero, nec tempor magna. Mauris sed ex at tellus elementum tempus dignissim ac est.<\/p><\/div>\n\t\t\t\t\t\t\t\t\t<div class=\"elementor-tab-title elementor-tab-mobile-title\" aria-selected=\"false\" data-tab=\"3\" role=\"tab\" tabindex=\"-1\" aria-controls=\"elementor-tab-content-1463\" aria-expanded=\"false\">TROISI\u00c8ME ONGLET<\/div>\n\t\t\t\t\t<div id=\"elementor-tab-content-1463\" class=\"elementor-tab-content elementor-clearfix\" data-tab=\"3\" role=\"tabpanel\" aria-labelledby=\"elementor-tab-title-1463\" tabindex=\"0\" hidden=\"hidden\"><h5>TROISI\u00c8ME\u00a0ONGLET<\/h5><p>Quisque et lectus pulvinar, porttitor mi non, elementum dui. Morbi mi nisl, tincidunt sed venenatis eget, finibus eu mauris. Nullam nisi lacus, feugiat eget varius eget, pellentesque dictum odio. Sed sollicitudin viverra est, at aliquam metus ultrices id. Duis eu purus vel nisl commodo facilisis vitae ut lectus.<\/p><p>Sed elementum dapibus tellus, a dictum metus interdum ac. Nullam condimentum, dui volutpat fringilla molestie, libero tortor ultrices lorem, at tempus diam purus non velit. Aliquam vel nulla eleifend, consequat elit id, tristique massa. Fusce dolor velit, blandit ac erat ac, vestibulum ornare diam.<\/p><p>Curabitur maximus feugiat velit, sed dapibus sem auctor quis. Maecenas turpis purus, tincidunt eget mattis ac, placerat sit amet dolor. Aenean vel porttitor libero, nec tempor magna. Mauris sed ex at tellus elementum tempus dignissim ac est.<\/p><\/div>\n\t\t\t\t\t\t\t\t\t<div class=\"elementor-tab-title elementor-tab-mobile-title\" aria-selected=\"false\" data-tab=\"4\" role=\"tab\" tabindex=\"-1\" aria-controls=\"elementor-tab-content-1464\" aria-expanded=\"false\">QUATRI\u00c8ME ONGLET<\/div>\n\t\t\t\t\t<div id=\"elementor-tab-content-1464\" class=\"elementor-tab-content elementor-clearfix\" data-tab=\"4\" role=\"tabpanel\" aria-labelledby=\"elementor-tab-title-1464\" tabindex=\"0\" hidden=\"hidden\"><h5>QUATRI\u00c8ME\u00a0ONGLET<\/h5><p>Quisque et lectus pulvinar, porttitor mi non, elementum dui. Morbi mi nisl, tincidunt sed venenatis eget, finibus eu mauris. Nullam nisi lacus, feugiat eget varius eget, pellentesque dictum odio. Sed sollicitudin viverra est, at aliquam metus ultrices id. Duis eu purus vel nisl commodo facilisis vitae ut lectus.<\/p><p>Sed elementum dapibus tellus, a dictum metus interdum ac. Nullam condimentum, dui volutpat fringilla molestie, libero tortor ultrices lorem, at tempus diam purus non velit. Aliquam vel nulla eleifend, consequat elit id, tristique massa. Fusce dolor velit, blandit ac erat ac, vestibulum ornare diam.<\/p><p>Curabitur maximus feugiat velit, sed dapibus sem auctor quis. Maecenas turpis purus, tincidunt eget mattis ac, placerat sit amet dolor. Aenean vel porttitor libero, nec tempor magna. Mauris sed ex at tellus elementum tempus dignissim ac est.<\/p><\/div>\n\t\t\t\t\t\t\t\t\t<div class=\"elementor-tab-title elementor-tab-mobile-title\" aria-selected=\"false\" data-tab=\"5\" role=\"tab\" tabindex=\"-1\" aria-controls=\"elementor-tab-content-1465\" aria-expanded=\"false\">CINQUI\u00c8ME ONGLET<\/div>\n\t\t\t\t\t<div id=\"elementor-tab-content-1465\" class=\"elementor-tab-content elementor-clearfix\" data-tab=\"5\" role=\"tabpanel\" aria-labelledby=\"elementor-tab-title-1465\" tabindex=\"0\" hidden=\"hidden\"><h5>CINQUI\u00c8ME\u00a0ONGLET<\/h5><p>Quisque et lectus pulvinar, porttitor mi non, elementum dui. Morbi mi nisl, tincidunt sed venenatis eget, finibus eu mauris. Nullam nisi lacus, feugiat eget varius eget, pellentesque dictum odio. Sed sollicitudin viverra est, at aliquam metus ultrices id. Duis eu purus vel nisl commodo facilisis vitae ut lectus.<\/p><p>Sed elementum dapibus tellus, a dictum metus interdum ac. Nullam condimentum, dui volutpat fringilla molestie, libero tortor ultrices lorem, at tempus diam purus non velit. Aliquam vel nulla eleifend, consequat elit id, tristique massa. Fusce dolor velit, blandit ac erat ac, vestibulum ornare diam.<\/p><p>Curabitur maximus feugiat velit, sed dapibus sem auctor quis. Maecenas turpis purus, tincidunt eget mattis ac, placerat sit amet dolor. Aenean vel porttitor libero, nec tempor magna. Mauris sed ex at tellus elementum tempus dignissim ac est.<\/p><\/div>\n\t\t\t\t\t\t\t\t\t<div class=\"elementor-tab-title elementor-tab-mobile-title\" aria-selected=\"false\" data-tab=\"6\" role=\"tab\" tabindex=\"-1\" aria-controls=\"elementor-tab-content-1466\" aria-expanded=\"false\">SIXI\u00c8ME ONGLET<\/div>\n\t\t\t\t\t<div id=\"elementor-tab-content-1466\" class=\"elementor-tab-content elementor-clearfix\" data-tab=\"6\" role=\"tabpanel\" aria-labelledby=\"elementor-tab-title-1466\" tabindex=\"0\" hidden=\"hidden\"><h5>SIXI\u00c8ME\u00a0ONGLET<\/h5><p>Quisque et lectus pulvinar, porttitor mi non, elementum dui. Morbi mi nisl, tincidunt sed venenatis eget, finibus eu mauris. Nullam nisi lacus, feugiat eget varius eget, pellentesque dictum odio. Sed sollicitudin viverra est, at aliquam metus ultrices id. Duis eu purus vel nisl commodo facilisis vitae ut lectus.<\/p><p>Sed elementum dapibus tellus, a dictum metus interdum ac. Nullam condimentum, dui volutpat fringilla molestie, libero tortor ultrices lorem, at tempus diam purus non velit. Aliquam vel nulla eleifend, consequat elit id, tristique massa. Fusce dolor velit, blandit ac erat ac, vestibulum ornare diam.<\/p><p>Curabitur maximus feugiat velit, sed dapibus sem auctor quis. Maecenas turpis purus, tincidunt eget mattis ac, placerat sit amet dolor. Aenean vel porttitor libero, nec tempor magna. Mauris sed ex at tellus elementum tempus dignissim ac est.<\/p><\/div>\n\t\t\t\t\t\t\t<\/div>\n\t\t<\/div>\n\t\t\t\t\t\t<\/div>\n\t\t\t\t<\/div>\n\t\t\t\t\t<\/div>\n\t\t<\/div>\n\t\t\t\t\t<\/div>\n\t\t<\/section>\n\t\t\t\t<\/div>","protected":false},"excerpt":{"rendered":"<p>EXEMPLES D'ONGLETS ONGLET PRINCIPAL DEUXI\u00c8ME ONGLET TROISI\u00c8ME ONGLET QUATRI\u00c8ME ONGLET CINQUI\u00c8ME ONGLET SIXI\u00c8ME ONGLET TITRE PRINCIPAL POUR LES ONGLETS Quisque et lectus pulvinar, porttitor mi non, elementum dui. Morbi mi nisl, tincidunt sed venenatis eget, finibus eu mauris. Nullam nisi \u2026<\/p>","protected":false},"author":1,"featured_media":0,"parent":0,"menu_order":0,"comment_status":"closed","ping_status":"closed","template":"","meta":{"_acf_changed":false,"footnotes":""},"class_list":["post-135","page","type-page","status-publish","hentry"],"acf":[],"_links":{"self":[{"href":"https:\/\/globalrubbersealing.com\/fr\/wp-json\/wp\/v2\/pages\/135","targetHints":{"allow":["GET"]}}],"collection":[{"href":"https:\/\/globalrubbersealing.com\/fr\/wp-json\/wp\/v2\/pages"}],"about":[{"href":"https:\/\/globalrubbersealing.com\/fr\/wp-json\/wp\/v2\/types\/page"}],"author":[{"embeddable":true,"href":"https:\/\/globalrubbersealing.com\/fr\/wp-json\/wp\/v2\/users\/1"}],"replies":[{"embeddable":true,"href":"https:\/\/globalrubbersealing.com\/fr\/wp-json\/wp\/v2\/comments?post=135"}],"version-history":[{"count":0,"href":"https:\/\/globalrubbersealing.com\/fr\/wp-json\/wp\/v2\/pages\/135\/revisions"}],"wp:attachment":[{"href":"https:\/\/globalrubbersealing.com\/fr\/wp-json\/wp\/v2\/media?parent=135"}],"curies":[{"name":"wp","href":"https:\/\/api.w.org\/{rel}","templated":true}]}}