{"id":128,"date":"2020-03-16T13:16:30","date_gmt":"2020-03-16T13:16:30","guid":{"rendered":"http:\/\/localhost\/epb_industrial_demos\/2\/?page_id=128"},"modified":"2025-08-11T14:08:06","modified_gmt":"2025-08-11T06:08:06","slug":"services","status":"publish","type":"page","link":"https:\/\/globalrubbersealing.com\/fr\/services\/","title":{"rendered":"Services"},"content":{"rendered":"<div data-elementor-type=\"wp-page\" data-elementor-id=\"128\" class=\"elementor elementor-128\" data-elementor-post-type=\"page\">\n\t\t\t\t\t\t<section class=\"elementor-section elementor-top-section elementor-element elementor-element-5688da7 elementor-section-stretched elementor-section-boxed elementor-section-height-default elementor-section-height-default\" data-id=\"5688da7\" data-element_type=\"section\" data-settings=\"{&quot;stretch_section&quot;:&quot;section-stretched&quot;,&quot;background_background&quot;:&quot;classic&quot;,&quot;jet_parallax_layout_list&quot;:[]}\">\n\t\t\t\t\t\t<div class=\"elementor-container elementor-column-gap-default\">\n\t\t\t\t\t<div class=\"elementor-column elementor-col-33 elementor-top-column elementor-element elementor-element-4d919334\" data-id=\"4d919334\" data-element_type=\"column\">\n\t\t\t<div class=\"elementor-widget-wrap elementor-element-populated\">\n\t\t\t\t\t\t<div class=\"elementor-element elementor-element-41016e66 elementor-widget elementor-widget-featured_content\" data-id=\"41016e66\" data-element_type=\"widget\" data-widget_type=\"featured_content.default\">\n\t\t\t\t<div class=\"elementor-widget-container\">\n\t\t\t\t\t<div class='featured featured-has-link featured-has-icon'><div class='featured-header'><a target='_self' href='https:\/\/globalrubbersealing.com\/fr\/factory-building\/'><img alt='B\u00e2timent d&#039;usine' data-src='https:\/\/globalrubbersealing.com\/wp-content\/smush-webp\/2025\/07\/\u5382\u623f.jpg.webp' src='data:image\/gif;base64,R0lGODlhAQABAAAAACH5BAEKAAEALAAAAAABAAEAAAICTAEAOw==' class='lazyload' style='--smush-placeholder-width: 722px; --smush-placeholder-aspect-ratio: 722\/368;' \/><\/a><\/div><div class='featured-content'><h3 class='featured-title text-uppercase'><a target='_self' href='https:\/\/globalrubbersealing.com\/fr\/factory-building\/'><i class='fas fa-chart-area'><\/i>B\u00e2timent d'usine<\/a><\/h3><a class='btn btn-md btn-minimal' target='_self' href='https:\/\/globalrubbersealing.com\/fr\/factory-building\/'>EN SAVOIR PLUS<\/a><\/div><\/div>\t\t\t\t<\/div>\n\t\t\t\t<\/div>\n\t\t\t\t<div class=\"elementor-element elementor-element-e240819 elementor-widget elementor-widget-spacer\" data-id=\"e240819\" data-element_type=\"widget\" data-widget_type=\"spacer.default\">\n\t\t\t\t<div class=\"elementor-widget-container\">\n\t\t\t\t\t\t\t<div class=\"elementor-spacer\">\n\t\t\t<div class=\"elementor-spacer-inner\"><\/div>\n\t\t<\/div>\n\t\t\t\t\t\t<\/div>\n\t\t\t\t<\/div>\n\t\t\t\t<div class=\"elementor-element elementor-element-41aa250c elementor-widget elementor-widget-featured_content\" data-id=\"41aa250c\" data-element_type=\"widget\" data-widget_type=\"featured_content.default\">\n\t\t\t\t<div class=\"elementor-widget-container\">\n\t\t\t\t\t<div class='featured featured-has-link featured-has-icon'><div class='featured-header'><a target='_self' href='https:\/\/globalrubbersealing.com\/fr\/track\/'><img alt='piste' data-src='https:\/\/globalrubbersealing.com\/wp-content\/smush-webp\/2025\/07\/\u5c65\u5e26\u5408\u56fe.jpg.webp' src='data:image\/gif;base64,R0lGODlhAQABAAAAACH5BAEKAAEALAAAAAABAAEAAAICTAEAOw==' class='lazyload' style='--smush-placeholder-width: 722px; --smush-placeholder-aspect-ratio: 722\/368;' \/><\/a><\/div><div class='featured-content'><h3 class='featured-title text-uppercase'><a target='_self' href='https:\/\/globalrubbersealing.com\/fr\/track\/'><i class='fas fa-plug'><\/i>piste<\/a><\/h3><a class='btn btn-md btn-minimal' target='_self' href='https:\/\/globalrubbersealing.com\/fr\/track\/'>EN SAVOIR PLUS<\/a><\/div><\/div>\t\t\t\t<\/div>\n\t\t\t\t<\/div>\n\t\t\t\t\t<\/div>\n\t\t<\/div>\n\t\t\t\t<div class=\"elementor-column elementor-col-33 elementor-top-column elementor-element elementor-element-7a0a6b12\" data-id=\"7a0a6b12\" data-element_type=\"column\">\n\t\t\t<div class=\"elementor-widget-wrap elementor-element-populated\">\n\t\t\t\t\t\t<div class=\"elementor-element elementor-element-2d6e9c62 elementor-widget elementor-widget-featured_content\" data-id=\"2d6e9c62\" data-element_type=\"widget\" data-widget_type=\"featured_content.default\">\n\t\t\t\t<div class=\"elementor-widget-container\">\n\t\t\t\t\t<div class='featured featured-has-icon'><div class='featured-header'><img alt='atelier' data-src='https:\/\/globalrubbersealing.com\/wp-content\/smush-webp\/2025\/07\/\u8f66\u95f4.jpg.webp' src='data:image\/gif;base64,R0lGODlhAQABAAAAACH5BAEKAAEALAAAAAABAAEAAAICTAEAOw==' class='lazyload' style='--smush-placeholder-width: 722px; --smush-placeholder-aspect-ratio: 722\/368;' \/><\/div><div class='featured-content'><h3 class='featured-title text-uppercase'><i class='far fa-sun'><\/i>atelier<\/h3><\/div><\/div>\t\t\t\t<\/div>\n\t\t\t\t<\/div>\n\t\t\t\t<div class=\"elementor-element elementor-element-4ef9eb0b elementor-widget elementor-widget-spacer\" data-id=\"4ef9eb0b\" data-element_type=\"widget\" data-widget_type=\"spacer.default\">\n\t\t\t\t<div class=\"elementor-widget-container\">\n\t\t\t\t\t\t\t<div class=\"elementor-spacer\">\n\t\t\t<div class=\"elementor-spacer-inner\"><\/div>\n\t\t<\/div>\n\t\t\t\t\t\t<\/div>\n\t\t\t\t<\/div>\n\t\t\t\t<div class=\"elementor-element elementor-element-54583cac elementor-widget elementor-widget-featured_content\" data-id=\"54583cac\" data-element_type=\"widget\" data-widget_type=\"featured_content.default\">\n\t\t\t\t<div class=\"elementor-widget-container\">\n\t\t\t\t\t<div class='featured featured-has-link featured-has-icon'><div class='featured-header'><a target='_self' href='https:\/\/globalrubbersealing.com\/fr\/equipment\/'><img alt='\u00e9quipement' data-src='https:\/\/globalrubbersealing.com\/wp-content\/smush-webp\/2025\/07\/3-1.jpg.webp' src='data:image\/gif;base64,R0lGODlhAQABAAAAACH5BAEKAAEALAAAAAABAAEAAAICTAEAOw==' class='lazyload' style='--smush-placeholder-width: 722px; --smush-placeholder-aspect-ratio: 722\/368;' \/><\/a><\/div><div class='featured-content'><h3 class='featured-title text-uppercase'><a target='_self' href='https:\/\/globalrubbersealing.com\/fr\/equipment\/'><i class='fas fa-fire'><\/i>\u00e9quipement<\/a><\/h3><a class='btn btn-md btn-minimal' target='_self' href='https:\/\/globalrubbersealing.com\/fr\/equipment\/'>EN SAVOIR PLUS<\/a><\/div><\/div>\t\t\t\t<\/div>\n\t\t\t\t<\/div>\n\t\t\t\t\t<\/div>\n\t\t<\/div>\n\t\t\t\t<div class=\"elementor-column elementor-col-33 elementor-top-column elementor-element elementor-element-e957687\" data-id=\"e957687\" data-element_type=\"column\">\n\t\t\t<div class=\"elementor-widget-wrap elementor-element-populated\">\n\t\t\t\t\t\t<div class=\"elementor-element elementor-element-78d1e01 elementor-widget elementor-widget-featured_content\" data-id=\"78d1e01\" data-element_type=\"widget\" data-widget_type=\"featured_content.default\">\n\t\t\t\t<div class=\"elementor-widget-container\">\n\t\t\t\t\t<div class='featured featured-has-link featured-has-icon'><div class='featured-header'><a target='_self' href='https:\/\/globalrubbersealing.com\/fr\/customer-visits\/'><img alt='Visites de clients' data-src='https:\/\/globalrubbersealing.com\/wp-content\/smush-webp\/2025\/07\/\u82f1\u56fd\u5ba2\u6237\u6765\u8bbf.jpg.webp' src='data:image\/gif;base64,R0lGODlhAQABAAAAACH5BAEKAAEALAAAAAABAAEAAAICTAEAOw==' class='lazyload' style='--smush-placeholder-width: 722px; --smush-placeholder-aspect-ratio: 722\/368;' \/><\/a><\/div><div class='featured-content'><h3 class='featured-title text-uppercase'><a target='_self' href='https:\/\/globalrubbersealing.com\/fr\/customer-visits\/'><i class='fas fa-flask'><\/i>Visites de clients<\/a><\/h3><a class='btn btn-md btn-minimal' target='_self' href='https:\/\/globalrubbersealing.com\/fr\/customer-visits\/'>EN SAVOIR PLUS<\/a><\/div><\/div>\t\t\t\t<\/div>\n\t\t\t\t<\/div>\n\t\t\t\t<div class=\"elementor-element elementor-element-7361fe5 elementor-widget elementor-widget-spacer\" data-id=\"7361fe5\" data-element_type=\"widget\" data-widget_type=\"spacer.default\">\n\t\t\t\t<div class=\"elementor-widget-container\">\n\t\t\t\t\t\t\t<div class=\"elementor-spacer\">\n\t\t\t<div class=\"elementor-spacer-inner\"><\/div>\n\t\t<\/div>\n\t\t\t\t\t\t<\/div>\n\t\t\t\t<\/div>\n\t\t\t\t<div class=\"elementor-element elementor-element-347743f2 elementor-widget elementor-widget-featured_content\" data-id=\"347743f2\" data-element_type=\"widget\" data-widget_type=\"featured_content.default\">\n\t\t\t\t<div class=\"elementor-widget-container\">\n\t\t\t\t\t<div class='featured featured-has-link featured-has-icon'><div class='featured-header'><a target='_self' href='https:\/\/globalrubbersealing.com\/fr\/laboratory\/'><img alt='laboratoire' data-src='https:\/\/globalrubbersealing.com\/wp-content\/smush-webp\/2025\/07\/\u5b9e\u9a8c\u5ba4.jpg.webp' src='data:image\/gif;base64,R0lGODlhAQABAAAAACH5BAEKAAEALAAAAAABAAEAAAICTAEAOw==' class='lazyload' style='--smush-placeholder-width: 722px; --smush-placeholder-aspect-ratio: 722\/368;' \/><\/a><\/div><div class='featured-content'><h3 class='featured-title text-uppercase'><a target='_self' href='https:\/\/globalrubbersealing.com\/fr\/laboratory\/'><i class='fas fa-puzzle-piece'><\/i>laboratoire<\/a><\/h3><a class='btn btn-md btn-minimal' target='_self' href='https:\/\/globalrubbersealing.com\/fr\/laboratory\/'>EN SAVOIR PLUS<\/a><\/div><\/div>\t\t\t\t<\/div>\n\t\t\t\t<\/div>\n\t\t\t\t\t<\/div>\n\t\t<\/div>\n\t\t\t\t\t<\/div>\n\t\t<\/section>\n\t\t\t\t<section class=\"elementor-section elementor-top-section elementor-element elementor-element-2147d8e4 elementor-section-stretched elementor-hidden-desktop elementor-hidden-tablet elementor-hidden-mobile elementor-section-boxed elementor-section-height-default elementor-section-height-default\" data-id=\"2147d8e4\" data-element_type=\"section\" data-settings=\"{&quot;stretch_section&quot;:&quot;section-stretched&quot;,&quot;background_background&quot;:&quot;classic&quot;,&quot;jet_parallax_layout_list&quot;:[]}\">\n\t\t\t\t\t\t<div class=\"elementor-container elementor-column-gap-no\">\n\t\t\t\t\t<div class=\"elementor-column elementor-col-100 elementor-top-column elementor-element elementor-element-19e252a2\" data-id=\"19e252a2\" data-element_type=\"column\">\n\t\t\t<div class=\"elementor-widget-wrap elementor-element-populated\">\n\t\t\t\t\t\t<div class=\"elementor-element elementor-element-2415fd8b elementor-widget elementor-widget-download\" data-id=\"2415fd8b\" data-element_type=\"widget\" data-widget_type=\"download.default\">\n\t\t\t\t<div class=\"elementor-widget-container\">\n\t\t\t\t\t<div class=\"download\"><div class='download-content text-uppercase' style='color: #FFFFFF'><i class='fa far fa-file-pdf'><\/i> T\u00c9L\u00c9CHARGER UN CATALOGUE COMPLET DE NOS SERVICES ET SP\u00c9CIFICATIONS DE PROJETS<\/div><a target='_blank' href='#' class='btn btn-md btn-dark btn-shadow'><i class='fa fas fa-cloud-download-alt'><\/i> T\u00e9l\u00e9charger<\/a><\/div>\t\t\t\t<\/div>\n\t\t\t\t<\/div>\n\t\t\t\t\t<\/div>\n\t\t<\/div>\n\t\t\t\t\t<\/div>\n\t\t<\/section>\n\t\t\t\t<\/div>","protected":false},"excerpt":{"rendered":"<p>B\u00e2timent de l'usine EN SAVOIR PLUS piste EN SAVOIR PLUS \u00e9quipement d'atelier EN SAVOIR PLUS visites de clients EN SAVOIR PLUS laboratoire EN SAVOIR PLUS T\u00c9L\u00c9CHARGEZ UN CATALOGUE COMPLET DE NOS SERVICES ET SP\u00c9CIFICATIONS DE PROJETS T\u00e9l\u00e9charger<\/p>","protected":false},"author":1,"featured_media":0,"parent":0,"menu_order":0,"comment_status":"closed","ping_status":"closed","template":"","meta":{"_acf_changed":false,"footnotes":""},"class_list":["post-128","page","type-page","status-publish","hentry"],"acf":[],"_links":{"self":[{"href":"https:\/\/globalrubbersealing.com\/fr\/wp-json\/wp\/v2\/pages\/128","targetHints":{"allow":["GET"]}}],"collection":[{"href":"https:\/\/globalrubbersealing.com\/fr\/wp-json\/wp\/v2\/pages"}],"about":[{"href":"https:\/\/globalrubbersealing.com\/fr\/wp-json\/wp\/v2\/types\/page"}],"author":[{"embeddable":true,"href":"https:\/\/globalrubbersealing.com\/fr\/wp-json\/wp\/v2\/users\/1"}],"replies":[{"embeddable":true,"href":"https:\/\/globalrubbersealing.com\/fr\/wp-json\/wp\/v2\/comments?post=128"}],"version-history":[{"count":0,"href":"https:\/\/globalrubbersealing.com\/fr\/wp-json\/wp\/v2\/pages\/128\/revisions"}],"wp:attachment":[{"href":"https:\/\/globalrubbersealing.com\/fr\/wp-json\/wp\/v2\/media?parent=128"}],"curies":[{"name":"wp","href":"https:\/\/api.w.org\/{rel}","templated":true}]}}