{"id":126,"date":"2020-03-16T13:14:09","date_gmt":"2020-03-16T13:14:09","guid":{"rendered":"http:\/\/localhost\/epb_industrial_demos\/2\/?page_id=126"},"modified":"2020-03-16T13:14:09","modified_gmt":"2020-03-16T13:14:09","slug":"projects","status":"publish","type":"page","link":"https:\/\/globalrubbersealing.com\/fr\/projects\/","title":{"rendered":"Projets"},"content":{"rendered":"<div data-elementor-type=\"wp-page\" data-elementor-id=\"126\" class=\"elementor elementor-126\" data-elementor-post-type=\"page\">\n\t\t\t\t\t\t<section class=\"elementor-section elementor-top-section elementor-element elementor-element-adc8f7f elementor-section-boxed elementor-section-height-default elementor-section-height-default\" data-id=\"adc8f7f\" data-element_type=\"section\" data-settings=\"{&quot;jet_parallax_layout_list&quot;:[]}\">\n\t\t\t\t\t\t<div class=\"elementor-container elementor-column-gap-default\">\n\t\t\t\t\t<div class=\"elementor-column elementor-col-100 elementor-top-column elementor-element elementor-element-b140e5d\" data-id=\"b140e5d\" data-element_type=\"column\">\n\t\t\t<div class=\"elementor-widget-wrap elementor-element-populated\">\n\t\t\t\t\t\t<div class=\"elementor-element elementor-element-bf31754 elementor-widget elementor-widget-heading\" data-id=\"bf31754\" data-element_type=\"widget\" data-widget_type=\"heading.default\">\n\t\t\t\t<div class=\"elementor-widget-container\">\n\t\t\t\t\t<h3 class='heading-left  divider-sm'  style=\"color:#000000\"><span>NOS PROJETS<em class=\"heading-subtitle\" style='color: #D1D1D1'>Ce que nous faisons<\/em><\/span><\/h3>\t\t\t\t<\/div>\n\t\t\t\t<\/div>\n\t\t\t\t<div class=\"elementor-element elementor-element-83c43f1 elementor-widget elementor-widget-text-editor\" data-id=\"83c43f1\" data-element_type=\"widget\" data-widget_type=\"text-editor.default\">\n\t\t\t\t<div class=\"elementor-widget-container\">\n\t\t\t\t\t\t\t\t\t<p>Curabitur maximus feugiat velit, sed dapibus sem auctor quis. Maecenas turpis purus, tincidunt eget mattis ac, placerat sit amet dolor. Aenean vel porttitor libero, nec tempor magna. Mauris sed ex at tellus elementum tempus dignissim ac est. Curabitur maximus feugiat velit, sed dapibus sem auctor quis.<\/p>\t\t\t\t\t\t\t\t<\/div>\n\t\t\t\t<\/div>\n\t\t\t\t\t<\/div>\n\t\t<\/div>\n\t\t\t\t\t<\/div>\n\t\t<\/section>\n\t\t\t\t<section class=\"elementor-section elementor-top-section elementor-element elementor-element-e5d7f92 elementor-section-boxed elementor-section-height-default elementor-section-height-default\" data-id=\"e5d7f92\" data-element_type=\"section\" data-settings=\"{&quot;jet_parallax_layout_list&quot;:[]}\">\n\t\t\t\t\t\t<div class=\"elementor-container elementor-column-gap-default\">\n\t\t\t\t\t<div class=\"elementor-column elementor-col-100 elementor-top-column elementor-element elementor-element-d333f91\" data-id=\"d333f91\" data-element_type=\"column\">\n\t\t\t<div class=\"elementor-widget-wrap elementor-element-populated\">\n\t\t\t\t\t\t\t<\/div>\n\t\t<\/div>\n\t\t\t\t\t<\/div>\n\t\t<\/section>\n\t\t\t\t<section class=\"elementor-section elementor-top-section elementor-element elementor-element-21d574e1 elementor-section-stretched elementor-section-boxed elementor-section-height-default elementor-section-height-default\" data-id=\"21d574e1\" data-element_type=\"section\" data-settings=\"{&quot;stretch_section&quot;:&quot;section-stretched&quot;,&quot;background_background&quot;:&quot;classic&quot;,&quot;jet_parallax_layout_list&quot;:[]}\">\n\t\t\t\t\t\t<div class=\"elementor-container elementor-column-gap-no\">\n\t\t\t\t\t<div class=\"elementor-column elementor-col-100 elementor-top-column elementor-element elementor-element-d42402f\" data-id=\"d42402f\" data-element_type=\"column\">\n\t\t\t<div class=\"elementor-widget-wrap elementor-element-populated\">\n\t\t\t\t\t\t<div class=\"elementor-element elementor-element-272a0d9f elementor-widget elementor-widget-download\" data-id=\"272a0d9f\" data-element_type=\"widget\" data-widget_type=\"download.default\">\n\t\t\t\t<div class=\"elementor-widget-container\">\n\t\t\t\t\t<div class=\"download\"><div class='download-content text-uppercase' style='color: #FFFFFF'><i class='fa far fa-file-pdf'><\/i> T\u00c9L\u00c9CHARGER UN CATALOGUE COMPLET DE NOS SERVICES ET SP\u00c9CIFICATIONS DE PROJETS<\/div><a target='_blank' href='#' class='btn btn-md btn-dark btn-shadow'><i class='fa fas fa-cloud-download-alt'><\/i> T\u00e9l\u00e9charger<\/a><\/div>\t\t\t\t<\/div>\n\t\t\t\t<\/div>\n\t\t\t\t\t<\/div>\n\t\t<\/div>\n\t\t\t\t\t<\/div>\n\t\t<\/section>\n\t\t\t\t<\/div>","protected":false},"excerpt":{"rendered":"<p>NOS PROJETSCe que nous faisons Curabitur maximus feugiat velit, sed dapibus sem auctor quis. Maecenas turpis purus, tincidunt eget mattis ac, placerat sit amet dolor. Aenean vel porttitor libero, nec tempor magna. Mauris sed ex at tellus elementum tempus dignissim ac \u2026<\/p>","protected":false},"author":1,"featured_media":0,"parent":0,"menu_order":0,"comment_status":"closed","ping_status":"closed","template":"","meta":{"_acf_changed":false,"footnotes":""},"class_list":["post-126","page","type-page","status-publish","hentry"],"acf":[],"_links":{"self":[{"href":"https:\/\/globalrubbersealing.com\/fr\/wp-json\/wp\/v2\/pages\/126","targetHints":{"allow":["GET"]}}],"collection":[{"href":"https:\/\/globalrubbersealing.com\/fr\/wp-json\/wp\/v2\/pages"}],"about":[{"href":"https:\/\/globalrubbersealing.com\/fr\/wp-json\/wp\/v2\/types\/page"}],"author":[{"embeddable":true,"href":"https:\/\/globalrubbersealing.com\/fr\/wp-json\/wp\/v2\/users\/1"}],"replies":[{"embeddable":true,"href":"https:\/\/globalrubbersealing.com\/fr\/wp-json\/wp\/v2\/comments?post=126"}],"version-history":[{"count":0,"href":"https:\/\/globalrubbersealing.com\/fr\/wp-json\/wp\/v2\/pages\/126\/revisions"}],"wp:attachment":[{"href":"https:\/\/globalrubbersealing.com\/fr\/wp-json\/wp\/v2\/media?parent=126"}],"curies":[{"name":"wp","href":"https:\/\/api.w.org\/{rel}","templated":true}]}}