{"id":957,"date":"2025-06-19T13:10:09","date_gmt":"2025-06-19T05:10:09","guid":{"rendered":"https:\/\/globalrubbersealing.com\/?post_type=product&#038;p=957"},"modified":"2026-05-13T10:43:41","modified_gmt":"2026-05-13T02:43:41","slug":"valve-oil-seal","status":"publish","type":"product","link":"https:\/\/globalrubbersealing.com\/es\/producto\/valve-oil-seal\/","title":{"rendered":"Sello de aceite de v\u00e1lvula"},"content":{"rendered":"<p>Este producto est\u00e1 hecho de caucho importado y formado mediante moldeado a alta temperatura, ofreciendo un rendimiento de sellado m\u00e1s fuerte y una vida \u00fatil m\u00e1s larga. Siempre nos esforzamos por producir productos de alta calidad, siguiendo t\u00e9cnicas de procesamiento de caucho como nuestra l\u00ednea base y asegurando los intereses a largo plazo de nuestros clientes. \u00a1Tus necesidades son nuestro objetivo compartido para crear!<\/p>\n<ol>\n<li>Ventajas de Fabricaci\u00f3n: El Poder Duro Apoya la Calidad<\/li>\n<li>L\u00ednea de Producci\u00f3n Vertical<\/li>\n<\/ol>\n<p>Nuestro propio taller de mezcla de caucho y taller de vulcanizaci\u00f3n de prensado de moldes aseguran un control total sobre todo el proceso desde materias primas hasta productos terminados. Las materias primas se compran a granel para mantener la consistencia del rendimiento del caucho mezclado y evitar fluctuaciones de calidad causadas por procesamiento externo o rendimiento inestable debido a diferentes lotes de materias primas. Utilizamos un sistema de inspecci\u00f3n visual AI para llevar a cabo la inspecci\u00f3n en l\u00ednea de la planitud de la superficie de sellado y la tolerancia dimensional (precisi\u00f3n \u00b10.1mm), asegurando una tasa de calificaci\u00f3n al 100% de productos que salen de la f\u00e1brica.<\/p>\n<ol start=\"2\">\n<li>Capacidad de Control de Costos<\/li>\n<\/ol>\n<p>Hemos firmado acuerdos de bloqueo de precios a largo plazo con proveedores de caucho upstream para evitar el riesgo de fluctuaciones de precios de materias primas, con costos 15%-20% inferiores a los de nuestros competidores. Adoptamos un dise\u00f1o modular de moldes, permitiendo que el mismo molde se adapte a m\u00faltiples modelos de marca para modificaci\u00f3n, reduciendo el costo de personalizaci\u00f3n de lotes peque\u00f1os. Utilizamos muestreo de molde \u00fanico para ahorrar costos innecesarios para nuestros clientes tanto como sea posible.<\/p>\n<ol>\n<li>Ventajas de I+D Tecnol\u00f3gico: Barreras y Superioridad \u00danicas<\/li>\n<li>Sistema de I+D impulsado por datos<\/li>\n<\/ol>\n<p>- Hemos establecido una base de datos de condiciones de trabajo para motores de maquinaria de construcci\u00f3n, acumulando datos de frecuencia de vibraci\u00f3n y deformaci\u00f3n t\u00e9rmica para m\u00e1s de 100 modelos, y llevando a cabo pruebas de simulaci\u00f3n para combinar la f\u00f3rmula de material \u00f3ptima. Hemos desarrollado conjuntamente una f\u00f3rmula de caucho natural super resistente a baja temperatura con universidades, que permanece el\u00e1stica a -48\u00b0C (promedio de la industria -40\u00b0C).<\/p>\n<ol start=\"2\">\n<li>Peque\u00f1a F\u00f3rmula, M\u00faltiples Experimentos de I+D<\/li>\n<\/ol>\n<p>Usando un molino interno de 3L, analizamos los requisitos t\u00e9cnicos del cliente una vez al desarrollar nuevas f\u00f3rmulas, y dise\u00f1amos tres esquemas (alto, medio y bajo) basados en las condiciones de trabajo reales del producto para que los clientes elijan. Realizamos m\u00faltiples experimentos de frecuencia en el compuesto de caucho y probamos su rendimiento en m\u00faltiples aspectos para garantizar un rendimiento estable cuando los clientes utilizan el producto.<\/p>\n<p>III. Ventajas de Servicio Agile: Respuesta R\u00e1pida a los Clientes<\/p>\n<ol>\n<li>Capacidad de personalizaci\u00f3n no est\u00e1ndar<\/li>\n<\/ol>\n<p>Respuesta r\u00e1pida de 24 horas a cotizaciones: Proporcionamos escaneo en 3D\/dibujos\/ingenier\u00eda inversa f\u00edsica, y entregamos productos de prueba de lotes peque\u00f1os dentro de 7 d\u00edas (promedio de la industria 25 d\u00edas).<\/p>\n<p>Soporte para \"Una M\u00e1quina, Una Soluci\u00f3n\": Proporcionamos pistas exclusivas y soluciones de sellado para maquinaria de construcci\u00f3n especializada (como m\u00e1quinas perforadoras de t\u00faneles) para resolver el problema de la falta de productos disponibles en el mercado.<\/p>\n<ol start=\"2\">\n<li>Compromiso de servicio post-venta sin carga<\/li>\n<\/ol>\n<p>Respuesta de 2 horas: Hemos establecido 8 centros de servicio regionales en todo el pa\u00eds, y los pedidos urgentes se entregan en el sitio de construcci\u00f3n por SF Express dentro de 48 horas.<\/p>\n<p>- Certificaci\u00f3n Autoritaria: Hemos obtenido la Certificaci\u00f3n de la Directiva de Maquinaria CE de la UE, la Certificaci\u00f3n del Sistema ISO9000 y la Certificaci\u00f3n del Sistema de Calidad TS16949.<\/p>\n<p>Desde sellos de aceite hasta pistas, hacemos que la maquinaria sea herm\u00e9tica. \u00a1Los sellos Hengjun mantienen tu equipo como nuevo!<\/p>","protected":false},"excerpt":{"rendered":"<p>Este producto est\u00e1 hecho de caucho importado y se forma a trav\u00e9s de moldeo a alta temperatura, ofreciendo un rendimiento de sellado m\u00e1s fuerte y una vida \u00fatil m\u00e1s larga. Siempre nos esforzamos por producir productos de alta calidad, adhiri\u00e9ndonos a t\u00e9cnicas de procesamiento de caucho como nuestra l\u00ednea de base y asegurando el \u2026<\/p>","protected":false},"featured_media":972,"comment_status":"open","ping_status":"closed","template":"","meta":{"_acf_changed":false},"product_brand":[],"product_cat":[58],"product_tag":[],"class_list":{"0":"post-957","1":"product","2":"type-product","3":"status-publish","4":"has-post-thumbnail","6":"product_cat-silicone-rubber-products","8":"first","9":"instock","10":"shipping-taxable","11":"product-type-simple"},"acf":[],"_links":{"self":[{"href":"https:\/\/globalrubbersealing.com\/es\/wp-json\/wp\/v2\/product\/957","targetHints":{"allow":["GET"]}}],"collection":[{"href":"https:\/\/globalrubbersealing.com\/es\/wp-json\/wp\/v2\/product"}],"about":[{"href":"https:\/\/globalrubbersealing.com\/es\/wp-json\/wp\/v2\/types\/product"}],"replies":[{"embeddable":true,"href":"https:\/\/globalrubbersealing.com\/es\/wp-json\/wp\/v2\/comments?post=957"}],"wp:featuredmedia":[{"embeddable":true,"href":"https:\/\/globalrubbersealing.com\/es\/wp-json\/wp\/v2\/media\/972"}],"wp:attachment":[{"href":"https:\/\/globalrubbersealing.com\/es\/wp-json\/wp\/v2\/media?parent=957"}],"wp:term":[{"taxonomy":"product_brand","embeddable":true,"href":"https:\/\/globalrubbersealing.com\/es\/wp-json\/wp\/v2\/product_brand?post=957"},{"taxonomy":"product_cat","embeddable":true,"href":"https:\/\/globalrubbersealing.com\/es\/wp-json\/wp\/v2\/product_cat?post=957"},{"taxonomy":"product_tag","embeddable":true,"href":"https:\/\/globalrubbersealing.com\/es\/wp-json\/wp\/v2\/product_tag?post=957"}],"curies":[{"name":"wp","href":"https:\/\/api.w.org\/{rel}","templated":true}]}}