{"id":745,"date":"2025-06-19T12:38:56","date_gmt":"2025-06-19T04:38:56","guid":{"rendered":"https:\/\/globalrubbersealing.com\/?post_type=product&#038;p=745"},"modified":"2025-06-19T12:40:34","modified_gmt":"2025-06-19T04:40:34","slug":"p12","status":"publish","type":"product","link":"https:\/\/globalrubbersealing.com\/es\/producto\/p12\/","title":{"rendered":"P12"},"content":{"rendered":"<p>Empaques, bandejas de aceite, v\u00e1lvulas, sensores\u2026 Tu motor tiene muchas partes y componentes, cada uno vital para el funcionamiento seguro y eficiente de tu veh\u00edculo. Pero, \u00bfqu\u00e9 es exactamente un empaque de bandeja de aceite? Empecemos con la bandeja de aceite.<\/p>\n<p>Como un orgulloso propietario de auto, sabr\u00e1s que tu motor necesita aceite. La bandeja de aceite es un dep\u00f3sito para este aceite mientras viaja a trav\u00e9s del motor y todas sus partes m\u00f3viles, lubric\u00e1ndolas y enfri\u00e1ndolas. Est\u00e1 atornillada al motor y se encuentra en la secci\u00f3n inferior del bloque del motor. Para prevenir fugas, el empaque de la bandeja de aceite sella la bandeja al bloque del motor, actuando tambi\u00e9n como un coj\u00edn para evitar da\u00f1os que podr\u00edan ocurrir debido a las vibraciones del motor.<\/p>\n<p><strong><b>Tipos de Empaques<\/b><\/strong><\/p>\n<p>Los empaques de bandeja de aceite est\u00e1n dise\u00f1ados para soportar grandes cantidades de calor y presi\u00f3n. Est\u00e1n hechos de materiales duraderos, como el acero, junto con un sello aluminizado con revestimiento de goma.<\/p>\n<p>Diferentes autos pueden tener diferentes bandejas de aceite y, por lo tanto, diferentes empaques. Por ejemplo, una bandeja de aluminio tendr\u00e1 un empaque de silicona l\u00edquida mientras que una bandeja de acero prensado usar\u00e1 un empaque compuesto de goma formada. La goma y la silicona son flexibles, lo que las hace adecuados materiales para empaques ya que deben poder expandirse y contraerse con el calor.<\/p>\n<p><strong><b>Fugas de Empaque de Bandeja de Aceite<\/b><\/strong><\/p>\n<p>Con el tiempo, las partes de goma se desgastar\u00e1n mientras se secan y comienzan a agrietarse. Esto significa que despu\u00e9s de tantos a\u00f1os, existe el riesgo de que fallen, causando una fuga de aceite que necesita ser reparada lo antes posible. Aqu\u00ed est\u00e1n algunos signos comunes de una fuga de aceite que debes observar:<\/p>\n<ul>\n<li><b><\/b><strong><b>Nivel bajo de aceite<\/b><\/strong><\/li>\n<li><b><\/b><strong><b>Manchas de aceite bajo el coche<\/b><\/strong><\/li>\n<li><b><\/b><strong><b>Sobrecalentamiento<\/b><\/strong><\/li>\n<li><b><\/b><strong><b>Humo negro (debajo del cap\u00f3)<\/b><\/strong><\/li>\n<\/ul>\n<p>Conducir tu coche con un nivel bajo de aceite puede causar da\u00f1os graves al motor y sus componentes, por lo que es importante reparar las fugas de aceite lo antes posible. Si necesitas empaques de bandeja de aceite, \u00a1no dudes en contactar nuestra empresa para consultor\u00eda!<\/p>","protected":false},"excerpt":{"rendered":"<p>Gaskets, oil pans, valves, sensors\u2026 Your engine has a lot of parts and components, each vital to the safe and efficient running of your vehicle. But what exactly is an oil pan gasket? Let\u2019s start with the oil pan. As \u2026<\/p>","protected":false},"featured_media":766,"comment_status":"open","ping_status":"closed","template":"","meta":{"_acf_changed":false},"product_brand":[],"product_cat":[41],"product_tag":[],"class_list":{"0":"post-745","1":"product","2":"type-product","3":"status-publish","4":"has-post-thumbnail","6":"product_cat-oil-pan-gasket","8":"first","9":"instock","10":"shipping-taxable","11":"product-type-simple"},"acf":[],"_links":{"self":[{"href":"https:\/\/globalrubbersealing.com\/es\/wp-json\/wp\/v2\/product\/745","targetHints":{"allow":["GET"]}}],"collection":[{"href":"https:\/\/globalrubbersealing.com\/es\/wp-json\/wp\/v2\/product"}],"about":[{"href":"https:\/\/globalrubbersealing.com\/es\/wp-json\/wp\/v2\/types\/product"}],"replies":[{"embeddable":true,"href":"https:\/\/globalrubbersealing.com\/es\/wp-json\/wp\/v2\/comments?post=745"}],"wp:featuredmedia":[{"embeddable":true,"href":"https:\/\/globalrubbersealing.com\/es\/wp-json\/wp\/v2\/media\/766"}],"wp:attachment":[{"href":"https:\/\/globalrubbersealing.com\/es\/wp-json\/wp\/v2\/media?parent=745"}],"wp:term":[{"taxonomy":"product_brand","embeddable":true,"href":"https:\/\/globalrubbersealing.com\/es\/wp-json\/wp\/v2\/product_brand?post=745"},{"taxonomy":"product_cat","embeddable":true,"href":"https:\/\/globalrubbersealing.com\/es\/wp-json\/wp\/v2\/product_cat?post=745"},{"taxonomy":"product_tag","embeddable":true,"href":"https:\/\/globalrubbersealing.com\/es\/wp-json\/wp\/v2\/product_tag?post=745"}],"curies":[{"name":"wp","href":"https:\/\/api.w.org\/{rel}","templated":true}]}}