{"id":715,"date":"2025-06-16T21:20:39","date_gmt":"2025-06-16T13:20:39","guid":{"rendered":"https:\/\/globalrubbersealing.com\/?post_type=product&#038;p=715"},"modified":"2025-06-16T21:20:39","modified_gmt":"2025-06-16T13:20:39","slug":"engine-oil-pan-gasket","status":"publish","type":"product","link":"https:\/\/globalrubbersealing.com\/es\/producto\/engine-oil-pan-gasket\/","title":{"rendered":"Junta del c\u00e1rter de aceite del motor"},"content":{"rendered":"<p>La junta del c\u00e1rter de aceite producida por Qingdao Hengjun Sealing Components Co., Ltd. se fabrica de acuerdo con los est\u00e1ndares de los fabricantes de equipos originales a nivel mundial, lo que puede evitar situaciones de retrabajo. Puede proporcionar un efecto de sellado y evitar que gotas de aceite caigan sobre la carretera. Los ingenieros de Qingdao Hengjun Sealing Components Co., Ltd. seleccionar\u00e1n el mejor dise\u00f1o y materiales seg\u00fan aplicaciones espec\u00edficas. En los \u00faltimos a\u00f1os, la complejidad de la estructura y funci\u00f3n de la junta del c\u00e1rter de aceite ha aumentado considerablemente. La junta es a menudo una parte importante de las medidas tomadas por los fabricantes para controlar el ruido, la vibraci\u00f3n y la aspereza (NVH) del motor. Solo las empresas con tecnolog\u00eda innovadora de juntas pueden proporcionar juntas adecuadas para cada aplicaci\u00f3n, ya sea una nueva o antigua.<\/p>","protected":false},"excerpt":{"rendered":"<p>La junta del c\u00e1rter de aceite producida por Qingdao Hengjun Sealing Components Co., Ltd. se fabrica seg\u00fan los est\u00e1ndares de los fabricantes de equipos originales globales, lo que puede evitar situaciones de retrabajo. Puede proporcionar un efecto de sellado y evitar que caigan gotas de aceite \u2026<\/p>","protected":false},"featured_media":716,"comment_status":"open","ping_status":"closed","template":"","meta":{"_acf_changed":false},"product_brand":[],"product_cat":[41],"product_tag":[],"class_list":{"0":"post-715","1":"product","2":"type-product","3":"status-publish","4":"has-post-thumbnail","6":"product_cat-oil-pan-gasket","8":"first","9":"instock","10":"shipping-taxable","11":"product-type-simple"},"acf":[],"_links":{"self":[{"href":"https:\/\/globalrubbersealing.com\/es\/wp-json\/wp\/v2\/product\/715","targetHints":{"allow":["GET"]}}],"collection":[{"href":"https:\/\/globalrubbersealing.com\/es\/wp-json\/wp\/v2\/product"}],"about":[{"href":"https:\/\/globalrubbersealing.com\/es\/wp-json\/wp\/v2\/types\/product"}],"replies":[{"embeddable":true,"href":"https:\/\/globalrubbersealing.com\/es\/wp-json\/wp\/v2\/comments?post=715"}],"wp:featuredmedia":[{"embeddable":true,"href":"https:\/\/globalrubbersealing.com\/es\/wp-json\/wp\/v2\/media\/716"}],"wp:attachment":[{"href":"https:\/\/globalrubbersealing.com\/es\/wp-json\/wp\/v2\/media?parent=715"}],"wp:term":[{"taxonomy":"product_brand","embeddable":true,"href":"https:\/\/globalrubbersealing.com\/es\/wp-json\/wp\/v2\/product_brand?post=715"},{"taxonomy":"product_cat","embeddable":true,"href":"https:\/\/globalrubbersealing.com\/es\/wp-json\/wp\/v2\/product_cat?post=715"},{"taxonomy":"product_tag","embeddable":true,"href":"https:\/\/globalrubbersealing.com\/es\/wp-json\/wp\/v2\/product_tag?post=715"}],"curies":[{"name":"wp","href":"https:\/\/api.w.org\/{rel}","templated":true}]}}