{"id":2,"date":"2025-04-21T09:32:37","date_gmt":"2025-04-21T01:32:37","guid":{"rendered":"https:\/\/globalrubbersealing.com\/?page_id=2"},"modified":"2025-04-21T09:32:37","modified_gmt":"2025-04-21T01:32:37","slug":"sample-page","status":"publish","type":"page","link":"https:\/\/globalrubbersealing.com\/es\/sample-page\/","title":{"rendered":"P\u00e1gina de ejemplo"},"content":{"rendered":"<p>Esta es una p\u00e1gina de ejemplo. Las p\u00e1ginas son diferentes de las publicaciones de blog, su ubicaci\u00f3n es fija y generalmente se muestran en la barra de navegaci\u00f3n del sitio. Muchos usuarios crean una p\u00e1gina 'Acerca de' para presentarse a los visitantes. Por ejemplo:<\/p>\n\n\n\n<blockquote class=\"wp-block-quote is-layout-flow wp-block-quote-is-layout-flow\"><p>\u00a1Hola a todos! Durante el d\u00eda soy un mensajero, y por la noche soy un mago con responsabilidades. Este es mi sitio web. Vivo en Beijing y tengo un perro llamado Erha. Me gusta beber Coca-Cola y pasear al perro durante mi tiempo libre.<\/p><\/blockquote>\n\n\n\n<p>\u2026o este:<\/p>\n\n\n\n<blockquote class=\"wp-block-quote is-layout-flow wp-block-quote-is-layout-flow\"><p>XYZ Doohickey Company fue fundada en 1971, y desde su establecimiento, siempre hemos contribuido a la sociedad con excelentes doohickies. Nuestra sede se encuentra en la capital m\u00e1gica de Chao Dynasty, con m\u00e1s de dos mil empleados, haciendo grandes contribuciones fiscales al gobierno de la capital m\u00e1gica.<\/p><\/blockquote>\n\n\n\n<p>Y t\u00fa, como nuevo usuario de WordPress, te recomendamos que vayas al<a href=\"https:\/\/globalrubbersealing.com\/wp-admin\/\">Tablero de tu sitio<\/a>, eliminando esta p\u00e1gina y luego creando una nueva p\u00e1gina que contenga tu propio contenido. \u00a1Te deseo un uso feliz!<\/p>","protected":false},"excerpt":{"rendered":"<p>Esto es una p\u00e1gina de muestra. A diferencia de las entradas de blog, su ubicaci\u00f3n es fija y generalmente se muestra en la barra de navegaci\u00f3n del sitio. Muchos usuarios crean una p\u00e1gina \"Acerca de\" para presentarles a sus visitantes. Por ejemplo: \u00a1Hola a todos! Durante el d\u00eda soy un mensajero, en las noches soy un mago con responsabilidades, y este es mi sitio web. Vivo en Beijing y tengo un perro llamado Er Ha. Normalmente me gusta beber Coca-Cola y pasear al perro. \u2026o esta: La compa\u00f1\u00eda XYZ Doohickey se estableci\u00f3 en 1971, y desde su creaci\u00f3n, hemos estado contribuyendo a la sociedad con excelentes doohickies. La sede de nuestra compa\u00f1\u00eda est\u00e1 ubicada en la Ciudad M\u00e1gica del Amanecer, con m\u00e1s de dos mil empleados, haciendo una gran contribuci\u00f3n fiscal al gobierno de la Ciudad M\u00e1gica. Y usted, como un nuevo usuario de WordPress, le recomendamos que vaya al tablero de control de su sitio, elimine esta p\u00e1gina y luego cree una nueva p\u00e1gina que contenga su propio contenido. \u00a1Le deseamos un feliz uso!<\/p>","protected":false},"author":1,"featured_media":0,"parent":0,"menu_order":0,"comment_status":"closed","ping_status":"open","template":"","meta":{"_acf_changed":false,"footnotes":""},"class_list":["post-2","page","type-page","status-publish","hentry"],"acf":[],"_links":{"self":[{"href":"https:\/\/globalrubbersealing.com\/es\/wp-json\/wp\/v2\/pages\/2","targetHints":{"allow":["GET"]}}],"collection":[{"href":"https:\/\/globalrubbersealing.com\/es\/wp-json\/wp\/v2\/pages"}],"about":[{"href":"https:\/\/globalrubbersealing.com\/es\/wp-json\/wp\/v2\/types\/page"}],"author":[{"embeddable":true,"href":"https:\/\/globalrubbersealing.com\/es\/wp-json\/wp\/v2\/users\/1"}],"replies":[{"embeddable":true,"href":"https:\/\/globalrubbersealing.com\/es\/wp-json\/wp\/v2\/comments?post=2"}],"version-history":[{"count":0,"href":"https:\/\/globalrubbersealing.com\/es\/wp-json\/wp\/v2\/pages\/2\/revisions"}],"wp:attachment":[{"href":"https:\/\/globalrubbersealing.com\/es\/wp-json\/wp\/v2\/media?parent=2"}],"curies":[{"name":"wp","href":"https:\/\/api.w.org\/{rel}","templated":true}]}}